{"id":928,"date":"2019-01-09T17:00:32","date_gmt":"2019-01-09T17:00:32","guid":{"rendered":"http:\/\/52.59.206.1\/informativa-sulla-privacy\/"},"modified":"2023-08-15T20:41:15","modified_gmt":"2023-08-15T20:41:15","slug":"informativa-sulla-privacy","status":"publish","type":"page","link":"https:\/\/www.arzt-team-klosters.ch\/it\/informativa-sulla-privacy\/","title":{"rendered":"Informativa sulla privacy"},"content":{"rendered":"<div class=\"fusion-fullwidth fullwidth-box fusion-builder-row-1 nonhundred-percent-fullwidth non-hundred-percent-height-scrolling\" style=\"--awb-border-radius-top-left:0px;--awb-border-radius-top-right:0px;--awb-border-radius-bottom-right:0px;--awb-border-radius-bottom-left:0px;--awb-flex-wrap:wrap;\" ><div class=\"fusion-builder-row fusion-row\"><div class=\"fusion-layout-column fusion_builder_column fusion-builder-column-0 fusion_builder_column_1_1 1_1 fusion-one-full fusion-column-first fusion-column-last\" style=\"--awb-bg-size:cover;--awb-margin-bottom:0px;\"><div class=\"fusion-column-wrapper fusion-flex-column-wrapper-legacy\"><div class=\"fusion-text fusion-text-1\"><h1><strong>Informativa sulla privacy  <\/strong><\/h1>\n<p><strong> <\/strong>Versione 09\/2023<\/p>\n<p>Il trattamento responsabile dei dati relativi a pazienti, clienti, dipendenti e partner commerciali \u00e8 una preoccupazione importante per l&#8217;Arzt-Team Engiadina GmbH e i suoi dipendenti (di seguito denominato Arzt-Team). Stiamo apportando continue modifiche per proteggere sempre meglio i dati personali.<\/p>\n<p>Di seguito vi informiamo sullo scopo per cui l&#8217;Arzt-Team Engiadina GmbH raccoglie, memorizza o inoltra i vostri dati personali. Inoltre, vi informiamo sui vostri diritti, che potete esercitare nell&#8217;ambito della protezione dei dati.<\/p>\n<h2><strong>Responsabilit\u00e0<\/strong><\/h2>\n<p>Il responsabile del trattamento dei vostri dati personali e in particolare dei vostri dati sanitari \u00e8 l&#8217;Arzt-Team Engiadina GmbH. In caso di domande sulla protezione dei dati o se si desidera esercitare i propri diritti in materia di protezione dei dati, si prega di contattare il personale dello studio, il medico direttamente o la direzione.<\/p>\n<h2><strong>Raccolta e finalit\u00e0 del trattamento dei dati<\/strong><\/h2>\n<ul>\n<li>Il trattamento (raccolta, archiviazione, utilizzo e conservazione) dei vostri dati si basa sul rapporto commerciale con voi, in particolare sul contratto di trattamento e sui requisiti legali per l&#8217;adempimento delle finalit\u00e0 del trattamento e degli obblighi connessi. La raccolta dei dati viene effettuata da un lato dal medico curante nel corso del trattamento. D&#8217;altra parte, riceviamo anche dati da altri professionisti della salute presso i quali siete stati o siete attualmente in cura, se avete dato il vostro consenso. Nell&#8217;anamnesi saranno trattati solo i dati relativi al trattamento medico. L&#8217;anamnesi comprende le informazioni personali fornite nel modulo del paziente, come i dati anagrafici, i dati di contatto e i dati assicurativi, nonch\u00e9, tra l&#8217;altro, il colloquio informativo condotto nell&#8217;ambito del trattamento, i dati sanitari raccolti, come l&#8217;anamnesi, le diagnosi, le proposte terapeutiche e i risultati, nonch\u00e9 i progressi terapeutici.<\/li>\n<li>Inoltre, l&#8217;elaborazione (raccolta, archiviazione, utilizzo e conservazione) dei vostri dati si basa sull&#8217;utilizzo del nostro sito web.\n<ul>\n<li><em>Raccolta di dati e informazioni generali  <\/em><\/li>\n<\/ul>\n<\/li>\n<\/ul>\n<p style=\"padding-left: 80px;\">Ogni volta che il sito web viene richiamato, vengono raccolti una serie di dati e informazioni generali. Questi dati e informazioni generali vengono memorizzati nei file di log del server. Possono essere raccolti i seguenti dati: (1) i tipi e le versioni di browser utilizzati, (2) il sistema operativo utilizzato dal sistema di accesso, (3) il sito web da cui un sistema di accesso accede al nostro sito web (il cosiddetto referrer), (4) i siti secondari a cui si accede tramite un sistema di accesso sul nostro sito web, (5) la data e l&#8217;ora di un accesso al sito web, (6) un indirizzo di protocollo Internet (indirizzo IP), (7) il provider di servizi Internet del sistema di accesso e (8) altri dati e informazioni simili che servono a scongiurare il pericolo in caso di attacchi alla nostra infrastruttura IT.<\/p>\n<p style=\"padding-left: 80px;\">Questi dati e informazioni sono necessari per (1) visualizzare correttamente il contenuto del nostro sito web, (2) ottimizzare il contenuto del nostro sito web, (3) garantire la funzionalit\u00e0 a lungo termine della nostra infrastruttura IT e della tecnologia del nostro sito web e (4) fornire le informazioni necessarie alle autorit\u00e0 di polizia in caso di attacco informatico.<\/p>\n<p style=\"padding-left: 80px;\">Inoltre, l&#8217;Arzt-Team Engiadina GmbH pu\u00f2 valutare questi dati e informazioni da un lato statisticamente e dall&#8217;altro con l&#8217;obiettivo di aumentare la protezione dei dati e la sicurezza dei dati della propria infrastruttura IT. I dati e le informazioni raccolti saranno trattati solo per le finalit\u00e0 appena indicate e saranno successivamente cancellati.<\/p>\n<ul>\n<li style=\"list-style-type: none;\">\n<ul>\n<li><em>Link da altri siti web  <\/em><\/li>\n<\/ul>\n<\/li>\n<\/ul>\n<p style=\"padding-left: 80px;\">Questo sito web pu\u00f2 contenere link a siti web di altri fornitori. L&#8217;Arzt-Team Engiadina GmbH non ha alcuna influenza su questi siti web, sul loro contenuto, sulle loro offerte o sulla loro disponibilit\u00e0, n\u00e9 sulle dichiarazioni e sulle disposizioni in materia di protezione dei dati ivi applicabili. Si declina pertanto ogni responsabilit\u00e0.<\/p>\n<ul>\n<li style=\"list-style-type: none;\">\n<ul>\n<li><em>Cookie e altri servizi  <\/em><\/li>\n<\/ul>\n<\/li>\n<\/ul>\n<p style=\"padding-left: 80px;\">L&#8217;Arzt-Team Engiadina GmbH pu\u00f2 utilizzare i cookie sul proprio sito web. I cookie contengono un cosiddetto ID cookie, un identificatore univoco del cookie, che assegna i siti web e i server a un determinato browser Internet. Un browser internet specifico pu\u00f2 essere riconosciuto e identificato tramite questo ID cookie unico.<\/p>\n<p style=\"padding-left: 80px;\">Tali informazioni sull&#8217;utilizzo di questo sito web (compreso il vostro indirizzo IP) possono, ad esempio, nel caso di Google Analytics, essere trasmesse a server all&#8217;estero e l\u00ec memorizzate. Utilizzando il nostro sito web, acconsentite al trasferimento di questi dati.<\/p>\n<p style=\"padding-left: 80px;\">L&#8217;Arzt-Team Engiadina GmbH pu\u00f2 utilizzare ulteriori offerte di servizi di fornitori terzi per integrare i loro contenuti e servizi, come video o articoli, nel sito web. Una corrispondente integrazione richiede sempre che questi fornitori terzi possano raccogliere ed elaborare l&#8217;indirizzo IP e altre informazioni dei visitatori di questo sito web. Utilizzando il nostro sito web, l&#8217;utente accetta quanto sopra.<\/p>\n<ul>\n<li style=\"list-style-type: none;\">\n<ul>\n<li><em>Social Media \/ Reti sociali<\/em><\/li>\n<\/ul>\n<\/li>\n<\/ul>\n<p style=\"padding-left: 80px;\">Su questo sito web possono essere inseriti dei pulsanti (&#8220;social media plugins&#8221;) che stabiliscono un contatto con i server dei social network (Facebook, Twitter, Instagram, ecc.). Facendo clic su uno di questi pulsanti, si acconsente alla trasmissione dei dati necessari, come l&#8217;indirizzo IP, la visita al sito web, ecc. al rispettivo gestore del social network.<\/p>\n<ul>\n<li style=\"list-style-type: none;\">\n<ul>\n<li><em>Newsletter<\/em><\/li>\n<\/ul>\n<\/li>\n<\/ul>\n<p style=\"padding-left: 80px;\">L&#8217;opzione di iscrizione alla newsletter pu\u00f2 essere impostata tramite il nostro sito web. I dati forniti dall&#8217;utente all&#8217;Arzt-Team Engiadina GmbH in questo contesto, in particolare l&#8217;indirizzo e-mail e il nome, possono essere utilizzati per l&#8217;invio regolare della nostra newsletter. La spedizione avviene direttamente tramite Arzt-Team Engiadina GmbH o tramite un&#8217;azienda specializzata in questo settore. \u00c8 possibile annullare l&#8217;iscrizione alla newsletter in qualsiasi momento (tramite il link nella newsletter o sul sito web). Potete informarci anche via e-mail o tramite i dati di contatto indicati nell&#8217;impronta. I dati personali rimangono presso Arzt-Team Engiadina GmbH e, se del caso, presso l&#8217;azienda incaricata di inviare la newsletter, per tutto il tempo in cui l&#8217;utente si \u00e8 iscritto alla newsletter.<\/p>\n<ul>\n<li style=\"list-style-type: none;\">\n<ul>\n<li><em>Opzioni di comunicazione  <\/em><\/li>\n<\/ul>\n<\/li>\n<\/ul>\n<p style=\"padding-left: 80px;\">Il nostro sito web contiene alcune informazioni che consentono un rapido contatto elettronico e una comunicazione diretta, tra cui un indirizzo e-mail generale. Se ci contattate tramite le opzioni di comunicazione offerte sul nostro sito web, i vostri dati di contatto e i contenuti saranno utilizzati solo per elaborare e rispondere alla vostra richiesta.<\/p>\n<p style=\"padding-left: 80px;\">Attenzione: non \u00e8 possibile garantire la riservatezza dei dati trasmessi. Pertanto, durante il contatto non devono essere trasmessi dati riservati (preoccupazioni mediche, ecc.).<\/p>\n<h2><strong>Durata dello stoccaggio  <\/strong><\/h2>\n<p>Conserviamo i dati personali solo per il tempo necessario a gestire il rapporto commerciale, per il tempo in cui sussiste l&#8217;obbligo legale di conservare e documentare i dati o per il tempo in cui abbiamo un interesse pubblico o privato prevalente a farlo. L&#8217;anamnesi sar\u00e0 conservata per 20 anni dopo l&#8217;ultimo trattamento. In seguito, con il vostro esplicito consenso, saranno conservati o cancellati o distrutti in modo sicuro.<\/p>\n<h2><strong>Trasmissione dei dati<\/strong><\/h2>\n<p>Trasmettiamo i vostri dati personali, e in particolare i vostri dati medici, a terzi esterni solo se ci\u00f2 \u00e8 consentito o richiesto dalla legge o se avete acconsentito al trasferimento dei dati nell&#8217;ambito del rapporto commerciale e in particolare del vostro trattamento.<\/p>\n<ul>\n<li>La comunicazione alle autorit\u00e0 cantonali e nazionali (ad es. servizio medico cantonale, dipartimenti sanitari, assicurazioni sociali, autorit\u00e0 fiscali, ecc.<\/li>\n<li>Il trasferimento all&#8217;assicurazione sanitaria o all&#8217;assicurazione contro gli infortuni o l&#8217;invalidit\u00e0 viene effettuato ai fini della liquidazione delle prestazioni erogate. Il tipo di dati trasmessi si basa sui requisiti legali.<\/li>\n<li>Il trasferimento dei dati necessari del paziente\/cliente\/dipendente\/partner commerciale e della fatturazione all&#8217;ufficio di fatturazione\/pagamento\/incasso avviene ai fini della fatturazione\/pagamento\/incasso (fatturazione ai debitori\/pagamento ai creditori\/incasso del denaro dovuto).<\/li>\n<\/ul>\n<p>In singoli casi terapeutici, a seconda del trattamento e del relativo consenso, i dati medici vengono trasmessi ad altri destinatari autorizzati (ad es. medici, altri terapeuti).<\/p>\n<h2><strong>Revoca del consenso<\/strong><\/h2>\n<p>Se avete dato il vostro consenso esplicito al trattamento dei dati, potete revocarlo in tutto o in parte in qualsiasi momento. La revoca o il desiderio di modificare un consenso devono essere espressi per iscritto. Non appena avremo ricevuto la vostra revoca scritta e il trattamento non potr\u00e0 essere basato su nessun&#8217;altra base giuridica che non sia il consenso, il trattamento sar\u00e0 interrotto. La legalit\u00e0 del trattamento dei dati effettuato fino alla revoca rimane inalterata dalla revoca stessa.<\/p>\n<h2><strong>Informazioni, ispezione e consegna<\/strong><\/h2>\n<p>Avete il diritto di ottenere informazioni sui vostri dati personali in qualsiasi momento. In particolare, \u00e8 possibile consultare la propria anamnesi o richiederne una copia. La restituzione della copia pu\u00f2 essere soggetta a un costo. Sarete informati in anticipo di eventuali costi, che dipendono dal tempo e dall&#8217;impegno necessari per produrre la copia.<\/p>\n<h2><strong>Diritto alla trasmissione dei dati<\/strong><\/h2>\n<p>Avete il diritto di ottenere che i dati da noi trattati in modo automatico o digitale siano consegnati a voi o a terzi in un formato comune e leggibile da una macchina. Ci\u00f2 vale anche, in particolare, per la divulgazione di dati medici a un professionista della salute di vostra scelta. Se richiedete il trasferimento diretto dei dati a un altro responsabile del trattamento, ci\u00f2 avverr\u00e0 solo nella misura in cui sia tecnicamente possibile.<\/p>\n<h2><strong>Correzione dei vostri dati<\/strong><\/h2>\n<p>Se scoprite o ritenete che i vostri dati siano errati o incompleti, avete la possibilit\u00e0 di richiederne la correzione. Se non \u00e8 possibile stabilire n\u00e9 l&#8217;esattezza n\u00e9 l&#8217;incompletezza dei vostri dati, avete la possibilit\u00e0 di allegare una nota di contestazione.<\/p>\n<h2><strong>Cambiamenti  <\/strong><\/h2>\n<p>L&#8217;Arzt-Team Engiadina GmbH pu\u00f2 modificare la presente dichiarazione sulla protezione dei dati in qualsiasi momento e senza preavviso. Si applica la versione attuale pubblicata sul nostro sito web. Nel caso in cui l&#8217;Informativa sulla privacy faccia parte di un contratto con l&#8217;utente, quest&#8217;ultimo verr\u00e0 informato della modifica tramite e-mail o altri mezzi appropriati in caso di aggiornamento.<\/p>\n<p>Utilizzando questo sito web, acconsentite al trattamento dei vostri dati personali in conformit\u00e0 con la presente informativa sulla privacy.<\/p>\n<p>Inoltre, l&#8217;Arzt-Team Engiadina GmbH declina ogni responsabilit\u00e0 per l&#8217;utilizzo di questo sito web.<\/p>\n<p>1\u00b0 settembre 2023<\/p>\n<\/div><div class=\"fusion-clearfix\"><\/div><\/div><\/div><\/div><\/div>\n","protected":false},"excerpt":{"rendered":"","protected":false},"author":2,"featured_media":0,"parent":0,"menu_order":0,"comment_status":"closed","ping_status":"closed","template":"","meta":{"rs_blank_template":"","rs_page_bg_color":"","slide_template_v7":"","footnotes":""},"class_list":["post-928","page","type-page","status-publish","hentry"],"yoast_head":"<!-- This site is optimized with the Yoast SEO Premium plugin v27.4 (Yoast SEO v27.5) - https:\/\/yoast.com\/product\/yoast-seo-premium-wordpress\/ -->\n<title>Arzt-Team im Dokterhus - Klosters - Informativa sulla privacy<\/title>\n<meta name=\"description\" content=\"La vostra salute ci sta a cuore. Ci prendiamo il nostro tempo, ascoltiamo.\" \/>\n<meta name=\"robots\" content=\"index, follow, max-snippet:-1, max-image-preview:large, max-video-preview:-1\" \/>\n<link rel=\"canonical\" href=\"https:\/\/www.arzt-team-klosters.ch\/it\/informativa-sulla-privacy\/\" \/>\n<meta property=\"og:locale\" content=\"it_IT\" \/>\n<meta property=\"og:type\" content=\"article\" \/>\n<meta property=\"og:title\" content=\"Informativa sulla privacy\" \/>\n<meta property=\"og:description\" content=\"La vostra salute ci sta a cuore. Ci prendiamo il nostro tempo, ascoltiamo.\" \/>\n<meta property=\"og:url\" content=\"https:\/\/www.arzt-team-klosters.ch\/it\/informativa-sulla-privacy\/\" \/>\n<meta property=\"og:site_name\" content=\"Arzt-Team im Dokterhus - Klosters\" \/>\n<meta property=\"article:modified_time\" content=\"2023-08-15T20:41:15+00:00\" \/>\n<meta name=\"twitter:card\" content=\"summary_large_image\" \/>\n<meta name=\"twitter:label1\" content=\"Tempo di lettura stimato\" \/>\n\t<meta name=\"twitter:data1\" content=\"9 minuti\" \/>\n<script type=\"application\/ld+json\" class=\"yoast-schema-graph\">{\"@context\":\"https:\\\/\\\/schema.org\",\"@graph\":[{\"@type\":\"WebPage\",\"@id\":\"https:\\\/\\\/www.arzt-team-klosters.ch\\\/it\\\/informativa-sulla-privacy\\\/\",\"url\":\"https:\\\/\\\/www.arzt-team-klosters.ch\\\/it\\\/informativa-sulla-privacy\\\/\",\"name\":\"Arzt-Team im Dokterhus - Klosters - Informativa sulla privacy\",\"isPartOf\":{\"@id\":\"https:\\\/\\\/35.156.96.145\\\/#website\"},\"datePublished\":\"2019-01-09T17:00:32+00:00\",\"dateModified\":\"2023-08-15T20:41:15+00:00\",\"description\":\"La vostra salute ci sta a cuore. Ci prendiamo il nostro tempo, ascoltiamo.\",\"breadcrumb\":{\"@id\":\"https:\\\/\\\/www.arzt-team-klosters.ch\\\/it\\\/informativa-sulla-privacy\\\/#breadcrumb\"},\"inLanguage\":\"it-IT\",\"potentialAction\":[{\"@type\":\"ReadAction\",\"target\":[\"https:\\\/\\\/www.arzt-team-klosters.ch\\\/it\\\/informativa-sulla-privacy\\\/\"]}]},{\"@type\":\"BreadcrumbList\",\"@id\":\"https:\\\/\\\/www.arzt-team-klosters.ch\\\/it\\\/informativa-sulla-privacy\\\/#breadcrumb\",\"itemListElement\":[{\"@type\":\"ListItem\",\"position\":1,\"name\":\"Home\",\"item\":\"https:\\\/\\\/www.arzt-team-klosters.ch\\\/it\\\/\"},{\"@type\":\"ListItem\",\"position\":2,\"name\":\"Informativa sulla privacy\"}]},{\"@type\":\"WebSite\",\"@id\":\"https:\\\/\\\/35.156.96.145\\\/#website\",\"url\":\"https:\\\/\\\/35.156.96.145\\\/\",\"name\":\"Arzt-Team im Dokterhus \\\/ Klosters\",\"description\":\"\",\"publisher\":{\"@id\":\"https:\\\/\\\/35.156.96.145\\\/#organization\"},\"potentialAction\":[{\"@type\":\"SearchAction\",\"target\":{\"@type\":\"EntryPoint\",\"urlTemplate\":\"https:\\\/\\\/35.156.96.145\\\/?s={search_term_string}\"},\"query-input\":{\"@type\":\"PropertyValueSpecification\",\"valueRequired\":true,\"valueName\":\"search_term_string\"}}],\"inLanguage\":\"it-IT\"},{\"@type\":\"Organization\",\"@id\":\"https:\\\/\\\/35.156.96.145\\\/#organization\",\"name\":\"Arzt-Team im Dokterhus \\\/ Klosters\",\"url\":\"https:\\\/\\\/35.156.96.145\\\/\",\"logo\":{\"@type\":\"ImageObject\",\"inLanguage\":\"it-IT\",\"@id\":\"https:\\\/\\\/35.156.96.145\\\/#\\\/schema\\\/logo\\\/image\\\/\",\"url\":\"https:\\\/\\\/www.arzt-team-klosters.ch\\\/wp-content\\\/uploads\\\/LOGO-ArztTeam-im-dokterhus_800.webp\",\"contentUrl\":\"https:\\\/\\\/www.arzt-team-klosters.ch\\\/wp-content\\\/uploads\\\/LOGO-ArztTeam-im-dokterhus_800.webp\",\"width\":800,\"height\":179,\"caption\":\"Arzt-Team im Dokterhus \\\/ Klosters\"},\"image\":{\"@id\":\"https:\\\/\\\/35.156.96.145\\\/#\\\/schema\\\/logo\\\/image\\\/\"}}]}<\/script>\n<!-- \/ Yoast SEO Premium plugin. -->","yoast_head_json":{"title":"Arzt-Team im Dokterhus - Klosters - Informativa sulla privacy","description":"La vostra salute ci sta a cuore. Ci prendiamo il nostro tempo, ascoltiamo.","robots":{"index":"index","follow":"follow","max-snippet":"max-snippet:-1","max-image-preview":"max-image-preview:large","max-video-preview":"max-video-preview:-1"},"canonical":"https:\/\/www.arzt-team-klosters.ch\/it\/informativa-sulla-privacy\/","og_locale":"it_IT","og_type":"article","og_title":"Informativa sulla privacy","og_description":"La vostra salute ci sta a cuore. Ci prendiamo il nostro tempo, ascoltiamo.","og_url":"https:\/\/www.arzt-team-klosters.ch\/it\/informativa-sulla-privacy\/","og_site_name":"Arzt-Team im Dokterhus - Klosters","article_modified_time":"2023-08-15T20:41:15+00:00","twitter_card":"summary_large_image","twitter_misc":{"Tempo di lettura stimato":"9 minuti"},"schema":{"@context":"https:\/\/schema.org","@graph":[{"@type":"WebPage","@id":"https:\/\/www.arzt-team-klosters.ch\/it\/informativa-sulla-privacy\/","url":"https:\/\/www.arzt-team-klosters.ch\/it\/informativa-sulla-privacy\/","name":"Arzt-Team im Dokterhus - Klosters - Informativa sulla privacy","isPartOf":{"@id":"https:\/\/35.156.96.145\/#website"},"datePublished":"2019-01-09T17:00:32+00:00","dateModified":"2023-08-15T20:41:15+00:00","description":"La vostra salute ci sta a cuore. Ci prendiamo il nostro tempo, ascoltiamo.","breadcrumb":{"@id":"https:\/\/www.arzt-team-klosters.ch\/it\/informativa-sulla-privacy\/#breadcrumb"},"inLanguage":"it-IT","potentialAction":[{"@type":"ReadAction","target":["https:\/\/www.arzt-team-klosters.ch\/it\/informativa-sulla-privacy\/"]}]},{"@type":"BreadcrumbList","@id":"https:\/\/www.arzt-team-klosters.ch\/it\/informativa-sulla-privacy\/#breadcrumb","itemListElement":[{"@type":"ListItem","position":1,"name":"Home","item":"https:\/\/www.arzt-team-klosters.ch\/it\/"},{"@type":"ListItem","position":2,"name":"Informativa sulla privacy"}]},{"@type":"WebSite","@id":"https:\/\/35.156.96.145\/#website","url":"https:\/\/35.156.96.145\/","name":"Arzt-Team im Dokterhus \/ Klosters","description":"","publisher":{"@id":"https:\/\/35.156.96.145\/#organization"},"potentialAction":[{"@type":"SearchAction","target":{"@type":"EntryPoint","urlTemplate":"https:\/\/35.156.96.145\/?s={search_term_string}"},"query-input":{"@type":"PropertyValueSpecification","valueRequired":true,"valueName":"search_term_string"}}],"inLanguage":"it-IT"},{"@type":"Organization","@id":"https:\/\/35.156.96.145\/#organization","name":"Arzt-Team im Dokterhus \/ Klosters","url":"https:\/\/35.156.96.145\/","logo":{"@type":"ImageObject","inLanguage":"it-IT","@id":"https:\/\/35.156.96.145\/#\/schema\/logo\/image\/","url":"https:\/\/www.arzt-team-klosters.ch\/wp-content\/uploads\/LOGO-ArztTeam-im-dokterhus_800.webp","contentUrl":"https:\/\/www.arzt-team-klosters.ch\/wp-content\/uploads\/LOGO-ArztTeam-im-dokterhus_800.webp","width":800,"height":179,"caption":"Arzt-Team im Dokterhus \/ Klosters"},"image":{"@id":"https:\/\/35.156.96.145\/#\/schema\/logo\/image\/"}}]}},"_links":{"self":[{"href":"https:\/\/www.arzt-team-klosters.ch\/it\/wp-json\/wp\/v2\/pages\/928","targetHints":{"allow":["GET"]}}],"collection":[{"href":"https:\/\/www.arzt-team-klosters.ch\/it\/wp-json\/wp\/v2\/pages"}],"about":[{"href":"https:\/\/www.arzt-team-klosters.ch\/it\/wp-json\/wp\/v2\/types\/page"}],"author":[{"embeddable":true,"href":"https:\/\/www.arzt-team-klosters.ch\/it\/wp-json\/wp\/v2\/users\/2"}],"replies":[{"embeddable":true,"href":"https:\/\/www.arzt-team-klosters.ch\/it\/wp-json\/wp\/v2\/comments?post=928"}],"version-history":[{"count":0,"href":"https:\/\/www.arzt-team-klosters.ch\/it\/wp-json\/wp\/v2\/pages\/928\/revisions"}],"wp:attachment":[{"href":"https:\/\/www.arzt-team-klosters.ch\/it\/wp-json\/wp\/v2\/media?parent=928"}],"curies":[{"name":"wp","href":"https:\/\/api.w.org\/{rel}","templated":true}]}}