{"id":2440,"date":"2019-01-09T17:00:32","date_gmt":"2019-01-09T17:00:32","guid":{"rendered":"https:\/\/www.arzt-team-klosters.ch\/politica-de-privacidade\/"},"modified":"2025-06-29T17:02:09","modified_gmt":"2025-06-29T17:02:09","slug":"politica-de-privacidade","status":"publish","type":"page","link":"https:\/\/www.arzt-team-klosters.ch\/pt-br\/politica-de-privacidade\/","title":{"rendered":"Pol\u00edtica de privacidade"},"content":{"rendered":"<div class=\"fusion-fullwidth fullwidth-box fusion-builder-row-1 nonhundred-percent-fullwidth non-hundred-percent-height-scrolling\" style=\"--awb-border-radius-top-left:0px;--awb-border-radius-top-right:0px;--awb-border-radius-bottom-right:0px;--awb-border-radius-bottom-left:0px;--awb-flex-wrap:wrap;\" ><div class=\"fusion-builder-row fusion-row\"><div class=\"fusion-layout-column fusion_builder_column fusion-builder-column-0 fusion_builder_column_1_1 1_1 fusion-one-full fusion-column-first fusion-column-last\" style=\"--awb-bg-size:cover;--awb-margin-bottom:0px;\"><div class=\"fusion-column-wrapper fusion-flex-column-wrapper-legacy\"><div class=\"fusion-text fusion-text-1\"><h1><strong>Pol\u00edtica de privacidade  <\/strong><\/h1>\n<p><strong> <\/strong>Vers\u00e3o 09\/2023<\/p>\n<p>O tratamento respons\u00e1vel dos dados de pacientes, clientes, funcion\u00e1rios e parceiros comerciais \u00e9 uma preocupa\u00e7\u00e3o importante da Arzt-Team Engiadina GmbH e de seus funcion\u00e1rios (doravante denominada &#8220;Arzt-Team&#8221;). Estamos constantemente fazendo ajustes para proteger ainda melhor os dados pessoais. <\/p>\n<p>A seguir, informamos a voc\u00ea sobre a finalidade para a qual a Arzt-Team Engiadina GmbH coleta, armazena ou encaminha seus dados pessoais. Tamb\u00e9m o informamos sobre seus direitos que voc\u00ea pode exercer no contexto da prote\u00e7\u00e3o de dados. <\/p>\n<h2><strong>Responsabilidades<\/strong><\/h2>\n<p>A Arzt-Team Engiadina GmbH \u00e9 respons\u00e1vel pelo processamento de seus dados pessoais e, em particular, de seus dados de sa\u00fade. Se voc\u00ea tiver alguma d\u00favida sobre a prote\u00e7\u00e3o de dados ou se desejar exercer seus direitos de prote\u00e7\u00e3o de dados, entre em contato com a equipe do consult\u00f3rio, com seu m\u00e9dico diretamente ou com a ger\u00eancia. <\/p>\n<h2><strong>Coleta e finalidade do processamento de dados<\/strong><\/h2>\n<ul>\n<li>O processamento (coleta, armazenamento, uso e reten\u00e7\u00e3o) dos seus dados baseia-se no relacionamento comercial com voc\u00ea, em particular no contrato de tratamento e nos requisitos legais para o cumprimento da finalidade do tratamento e das obriga\u00e7\u00f5es associadas. Por um lado, os dados s\u00e3o coletados pelo m\u00e9dico que trata de voc\u00ea como parte do seu tratamento. Por outro lado, tamb\u00e9m recebemos dados de outros profissionais de sa\u00fade com os quais voc\u00ea foi ou est\u00e1 sendo tratado, se voc\u00ea tiver dado seu consentimento para isso. Somente os dados relacionados ao seu tratamento m\u00e9dico ser\u00e3o processados em seu hist\u00f3rico m\u00e9dico. O hist\u00f3rico m\u00e9dico inclui os detalhes pessoais fornecidos no formul\u00e1rio do paciente, como detalhes pessoais, detalhes de contato e detalhes do seguro, bem como, entre outras coisas, a consulta conduzida como parte do tratamento, os dados de sa\u00fade coletados, como anamnese, diagn\u00f3sticos, sugest\u00f5es de tratamento e resultados, bem como hist\u00f3ricos de tratamento.    <\/li>\n<li>Al\u00e9m disso, o processamento (coleta, armazenamento, uso e reten\u00e7\u00e3o) dos seus dados \u00e9 baseado no uso do nosso site.\n<ul>\n<li><em>Coleta de dados e informa\u00e7\u00f5es gerais  <\/em><\/li>\n<\/ul>\n<\/li>\n<\/ul>\n<p style=\"padding-left: 80px;\">Cada vez que o site \u00e9 acessado, uma s\u00e9rie de dados e informa\u00e7\u00f5es gerais \u00e9 coletada. Esses dados e informa\u00e7\u00f5es gerais s\u00e3o armazenados nos arquivos de registro do servidor. Podem ser registrados: (1) os tipos e vers\u00f5es de navegador usados, (2) o sistema operacional usado pelo sistema de acesso, (3) o site a partir do qual um sistema de acesso acessa nosso site (o chamado referenciador), (4) os sub-sites que s\u00e3o acessados por meio de um sistema de acesso em nosso site, (5) a data e a hora de acesso ao site, (6) um endere\u00e7o de protocolo de Internet (endere\u00e7o IP), (7) o provedor de servi\u00e7os de Internet do sistema de acesso e (8) outros dados e informa\u00e7\u00f5es semelhantes usados para fins de seguran\u00e7a no caso de ataques \u00e0 nossa infraestrutura de TI.  <\/p>\n<p style=\"padding-left: 80px;\">Esses dados e informa\u00e7\u00f5es s\u00e3o necess\u00e1rios para (1) exibir corretamente o conte\u00fado do nosso site, (2) otimizar o conte\u00fado do nosso site, (3) garantir a funcionalidade de longo prazo da nossa infraestrutura de TI e da tecnologia do nosso site e (4) fornecer \u00e0s autoridades policiais as informa\u00e7\u00f5es necess\u00e1rias no caso de um ataque cibern\u00e9tico.<\/p>\n<p style=\"padding-left: 80px;\">Al\u00e9m disso, a Arzt-Team Engiadina GmbH pode analisar esses dados e informa\u00e7\u00f5es estatisticamente e tamb\u00e9m com o objetivo de aumentar a prote\u00e7\u00e3o de dados e a seguran\u00e7a de sua infraestrutura de TI. Os dados e informa\u00e7\u00f5es coletados ser\u00e3o processados apenas para os fins acima mencionados e, em seguida, ser\u00e3o exclu\u00eddos. <\/p>\n<ul>\n<li style=\"list-style-type: none;\">\n<ul>\n<li><em>Links para outros sites  <\/em><\/li>\n<\/ul>\n<\/li>\n<\/ul>\n<p style=\"padding-left: 80px;\">Este site pode conter links para sites de outros fornecedores. A Arzt-Team Engiadina GmbH n\u00e3o tem nenhuma influ\u00eancia sobre esses sites, seu conte\u00fado, ofertas ou disponibilidade, nem sobre as declara\u00e7\u00f5es e disposi\u00e7\u00f5es de prote\u00e7\u00e3o de dados aplic\u00e1veis a eles. Portanto, voc\u00ea n\u00e3o assume nenhuma responsabilidade.  <\/p>\n<ul>\n<li style=\"list-style-type: none;\">\n<ul>\n<li><em>Cookies e outros servi\u00e7os  <\/em><\/li>\n<\/ul>\n<\/li>\n<\/ul>\n<p style=\"padding-left: 80px;\">A Arzt-Team Engiadina GmbH pode usar cookies em seu site. Os cookies cont\u00eam um chamado ID de cookie, um identificador exclusivo do cookie, que atribui sites e servidores a um navegador de Internet espec\u00edfico. Um navegador de Internet espec\u00edfico pode ser reconhecido e identificado por meio desse ID de cookie exclusivo.  <\/p>\n<p style=\"padding-left: 80px;\">Essas informa\u00e7\u00f5es sobre o uso deste site (incluindo seu endere\u00e7o IP) podem, por exemplo, no caso do Google Analytics, ser transferidas para servidores no exterior e armazenadas l\u00e1. Ao usar nosso site, voc\u00ea concorda com a transfer\u00eancia desses dados. <\/p>\n<p style=\"padding-left: 80px;\">A Arzt-Team Engiadina GmbH pode utilizar servi\u00e7os adicionais oferecidos por terceiros para integrar seus conte\u00fados e servi\u00e7os, como v\u00eddeos ou artigos, ao site. Essa integra\u00e7\u00e3o sempre pressup\u00f5e que esses provedores terceirizados possam coletar e processar o endere\u00e7o IP e outras informa\u00e7\u00f5es dos visitantes deste site. Ao usar nosso site, voc\u00ea concorda com isso.  <\/p>\n<ul>\n<li style=\"list-style-type: none;\">\n<ul>\n<li><em>M\u00eddia social \/ redes sociais<\/em><\/li>\n<\/ul>\n<\/li>\n<\/ul>\n<p style=\"padding-left: 80px;\">Podem ser colocados bot\u00f5es (&#8220;plugins de m\u00eddia social&#8221;) neste site que estabelecem contato com os servidores das redes sociais (Facebook, Twitter, Instagram etc.). Ao clicar em um desses bot\u00f5es, voc\u00ea d\u00e1 seu consentimento para que os dados necess\u00e1rios, como endere\u00e7o IP, visita ao site etc., sejam transmitidos ao respectivo operador da rede social. <\/p>\n<ul>\n<li style=\"list-style-type: none;\">\n<ul>\n<li><em>Boletim informativo<\/em><\/li>\n<\/ul>\n<\/li>\n<\/ul>\n<p style=\"padding-left: 80px;\">Voc\u00ea pode se inscrever para receber um boletim informativo por meio de nosso site. Os dados que voc\u00ea fornece \u00e0 Arzt-Team Engiadina GmbH, em especial seu endere\u00e7o de e-mail e seu nome, podem ser usados para o envio regular de nossa newsletter. A newsletter \u00e9 enviada diretamente pela Arzt-Team Engiadina GmbH ou por uma empresa especializada. Voc\u00ea pode cancelar a assinatura do boletim informativo a qualquer momento (por meio do link no boletim informativo ou no site). Voc\u00ea tamb\u00e9m pode nos informar sobre isso por e-mail ou usando os detalhes de contato fornecidos no aviso legal. Os dados pessoais permanecer\u00e3o com a Arzt-Team Engiadina GmbH e, se for o caso, com a empresa encarregada de enviar o boletim informativo, enquanto voc\u00ea tiver assinado o boletim informativo.     <\/p>\n<ul>\n<li style=\"list-style-type: none;\">\n<ul>\n<li><em>Op\u00e7\u00f5es de comunica\u00e7\u00e3o  <\/em><\/li>\n<\/ul>\n<\/li>\n<\/ul>\n<p style=\"padding-left: 80px;\">Nosso site cont\u00e9m determinadas informa\u00e7\u00f5es que permitem contato eletr\u00f4nico r\u00e1pido e comunica\u00e7\u00e3o direta, o que tamb\u00e9m inclui um endere\u00e7o de e-mail geral. Se voc\u00ea entrar em contato conosco por meio das op\u00e7\u00f5es de comunica\u00e7\u00e3o oferecidas em nosso site, seus detalhes de contato e conte\u00fado ser\u00e3o usados apenas para processar e responder \u00e0 sua consulta. <\/p>\n<p style=\"padding-left: 80px;\">Observa\u00e7\u00e3o: n\u00e3o \u00e9 poss\u00edvel garantir que seus dados ser\u00e3o transmitidos de forma confidencial. Portanto, nenhum dado confidencial (preocupa\u00e7\u00f5es m\u00e9dicas etc.) deve ser transmitido ao entrar em contato conosco. <\/p>\n<h2><strong>Dura\u00e7\u00e3o do armazenamento  <\/strong><\/h2>\n<p>Armazenamos dados pessoais somente pelo tempo necess\u00e1rio para processar o relacionamento comercial, pelo tempo em que houver uma obriga\u00e7\u00e3o legal de reter e documentar os dados ou pelo tempo em que tivermos um interesse p\u00fablico ou privado superior para faz\u00ea-lo. Voc\u00ea pode armazenar seus dados pessoais por um per\u00edodo de tempo de at\u00e9 20 anos ap\u00f3s o tratamento. Seu hist\u00f3rico m\u00e9dico ser\u00e1 mantido por 20 anos ap\u00f3s seu \u00faltimo tratamento. Depois disso, ele ser\u00e1 mantido com o seu consentimento expresso ou ser\u00e1 exclu\u00eddo ou destru\u00eddo de forma segura.  <\/p>\n<h2><strong>Transmiss\u00e3o de dados<\/strong><\/h2>\n<p>Somente transferiremos seus dados pessoais e, em particular, seus dados m\u00e9dicos para terceiros externos se isso for permitido ou exigido por lei ou se voc\u00ea tiver consentido com a transfer\u00eancia dos dados como parte do relacionamento comercial e, em particular, do seu tratamento.<\/p>\n<ul>\n<li>A divulga\u00e7\u00e3o para autoridades cantonais e nacionais (por exemplo, servi\u00e7o m\u00e9dico cantonal, departamentos de sa\u00fade, organiza\u00e7\u00f5es de seguro social, autoridades fiscais, etc.) baseia-se em obriga\u00e7\u00f5es legais de relat\u00f3rio.<\/li>\n<li>Os dados s\u00e3o transferidos para o seguro de sa\u00fade ou seguro contra acidentes ou invalidez com a finalidade de faturar os benef\u00edcios fornecidos a voc\u00ea. O tipo de dados transmitidos \u00e9 baseado nos requisitos legais. <\/li>\n<li>Os dados necess\u00e1rios do paciente\/cliente\/funcion\u00e1rio\/parceiro de neg\u00f3cios e da fatura s\u00e3o encaminhados ao escrit\u00f3rio de faturamento\/pagamento\/cobran\u00e7a para fins de faturamento\/pagamento\/cobran\u00e7a (faturamento para devedores\/pagamento para credores\/cobran\u00e7a de dinheiro devido).<\/li>\n<\/ul>\n<p>Em casos terap\u00eauticos individuais, dependendo do seu tratamento e do seu consentimento correspondente, os dados m\u00e9dicos ser\u00e3o transmitidos a outros destinat\u00e1rios autorizados (por exemplo, m\u00e9dicos, outros terapeutas).<\/p>\n<h2><strong>Revoga\u00e7\u00e3o de seu consentimento<\/strong><\/h2>\n<p>Se voc\u00ea tiver dado seu consentimento expresso para o processamento de dados, poder\u00e1 revog\u00e1-lo, no todo ou em parte, a qualquer momento. A revoga\u00e7\u00e3o ou solicita\u00e7\u00e3o de altera\u00e7\u00e3o do consentimento deve ser feita por escrito. Assim que recebermos sua revoga\u00e7\u00e3o por escrito e o processamento n\u00e3o puder ser baseado em outra base legal que n\u00e3o seja o consentimento, o processamento ser\u00e1 interrompido. A legalidade do processamento de dados realizado at\u00e9 a revoga\u00e7\u00e3o n\u00e3o ser\u00e1 afetada pela revoga\u00e7\u00e3o.   <\/p>\n<h2><strong>Informa\u00e7\u00f5es, inspe\u00e7\u00e3o e divulga\u00e7\u00e3o<\/strong><\/h2>\n<p>Voc\u00ea tem o direito de obter informa\u00e7\u00f5es sobre seus dados pessoais a qualquer momento. Em particular, voc\u00ea pode visualizar seu hist\u00f3rico m\u00e9dico ou solicitar uma c\u00f3pia. Talvez voc\u00ea tenha que pagar uma taxa para obter uma c\u00f3pia. Voc\u00ea ser\u00e1 informado com anteced\u00eancia sobre quaisquer custos, que dependem do tempo e do esfor\u00e7o necess\u00e1rios para produzir a c\u00f3pia.   <\/p>\n<h2><strong>Direito \u00e0 transfer\u00eancia de dados<\/strong><\/h2>\n<p>Voc\u00ea tem o direito de ter os dados que processamos autom\u00e1tica ou digitalmente entregues a voc\u00ea ou a terceiros em um formato comumente usado e leg\u00edvel por m\u00e1quina. Isso tamb\u00e9m se aplica, em particular, \u00e0 transfer\u00eancia de dados m\u00e9dicos para um profissional de sa\u00fade de sua escolha. Se voc\u00ea solicitar a transfer\u00eancia direta dos dados para outro controlador, isso s\u00f3 ocorrer\u00e1 se for tecnicamente vi\u00e1vel.  <\/p>\n<h2><strong>Corre\u00e7\u00e3o de seus dados<\/strong><\/h2>\n<p>Se voc\u00ea perceber ou acreditar que seus dados est\u00e3o incorretos ou incompletos, voc\u00ea tem a op\u00e7\u00e3o de solicitar retifica\u00e7\u00e3o. Se nem a exatid\u00e3o nem a incompletude de seus dados puderem ser estabelecidas, voc\u00ea tem a op\u00e7\u00e3o de adicionar uma nota de contesta\u00e7\u00e3o. <\/p>\n<h2><strong>Mudan\u00e7as  <\/strong><\/h2>\n<p>A Arzt-Team Engiadina GmbH pode alterar esta pol\u00edtica de privacidade a qualquer momento, sem aviso pr\u00e9vio. Ser\u00e1 aplicada a vers\u00e3o atual publicada em nosso site. Se a declara\u00e7\u00e3o de prote\u00e7\u00e3o de dados fizer parte de um contrato com voc\u00ea, n\u00f3s o informaremos sobre a altera\u00e7\u00e3o por e-mail ou por outros meios adequados no caso de uma atualiza\u00e7\u00e3o.  <\/p>\n<p>Ao usar este site, voc\u00ea concorda com o processamento de seus dados pessoais de acordo com esta pol\u00edtica de privacidade.<\/p>\n<p>Al\u00e9m disso, a Arzt-Team Engiadina GmbH n\u00e3o assume qualquer responsabilidade pelo uso deste site.<\/p>\n<p>1\u00ba de setembro de 2023<\/p>\n<\/div><div class=\"fusion-clearfix\"><\/div><\/div><\/div><\/div><\/div>\n","protected":false},"excerpt":{"rendered":"","protected":false},"author":2,"featured_media":0,"parent":0,"menu_order":0,"comment_status":"closed","ping_status":"closed","template":"","meta":{"rs_blank_template":"","rs_page_bg_color":"","slide_template_v7":"","footnotes":""},"class_list":["post-2440","page","type-page","status-publish","hentry"],"yoast_head":"<!-- This site is optimized with the Yoast SEO Premium plugin v27.3 (Yoast SEO v27.3) - https:\/\/yoast.com\/product\/yoast-seo-premium-wordpress\/ -->\n<title>Arzt-Team im Dokterhus - Klosters - Pol\u00edtica de privacidade<\/title>\n<meta name=\"description\" content=\"Sua sa\u00fade \u00e9 importante para n\u00f3s. Dedicamos nosso tempo e ouvimos voc\u00ea.\" \/>\n<meta name=\"robots\" content=\"index, follow, max-snippet:-1, max-image-preview:large, max-video-preview:-1\" \/>\n<link rel=\"canonical\" href=\"https:\/\/www.arzt-team-klosters.ch\/pt-br\/politica-de-privacidade\/\" \/>\n<meta property=\"og:locale\" content=\"pt_BR\" \/>\n<meta property=\"og:type\" content=\"article\" \/>\n<meta property=\"og:title\" content=\"Pol\u00edtica de privacidade\" \/>\n<meta property=\"og:description\" content=\"Sua sa\u00fade \u00e9 importante para n\u00f3s. Dedicamos nosso tempo e ouvimos voc\u00ea.\" \/>\n<meta property=\"og:url\" content=\"https:\/\/www.arzt-team-klosters.ch\/pt-br\/politica-de-privacidade\/\" \/>\n<meta property=\"og:site_name\" content=\"Arzt-Team im Dokterhus - Klosters\" \/>\n<meta property=\"article:modified_time\" content=\"2025-06-29T17:02:09+00:00\" \/>\n<meta name=\"twitter:card\" content=\"summary_large_image\" \/>\n<meta name=\"twitter:label1\" content=\"Est. tempo de leitura\" \/>\n\t<meta name=\"twitter:data1\" content=\"10 minutos\" \/>\n<script type=\"application\/ld+json\" class=\"yoast-schema-graph\">{\"@context\":\"https:\\\/\\\/schema.org\",\"@graph\":[{\"@type\":\"WebPage\",\"@id\":\"https:\\\/\\\/www.arzt-team-klosters.ch\\\/pt-br\\\/politica-de-privacidade\\\/\",\"url\":\"https:\\\/\\\/www.arzt-team-klosters.ch\\\/pt-br\\\/politica-de-privacidade\\\/\",\"name\":\"Arzt-Team im Dokterhus - Klosters - Pol\u00edtica de privacidade\",\"isPartOf\":{\"@id\":\"https:\\\/\\\/www.arzt-team-klosters.ch\\\/pt-br\\\/#website\"},\"datePublished\":\"2019-01-09T17:00:32+00:00\",\"dateModified\":\"2025-06-29T17:02:09+00:00\",\"description\":\"Sua sa\u00fade \u00e9 importante para n\u00f3s. Dedicamos nosso tempo e ouvimos voc\u00ea.\",\"breadcrumb\":{\"@id\":\"https:\\\/\\\/www.arzt-team-klosters.ch\\\/pt-br\\\/politica-de-privacidade\\\/#breadcrumb\"},\"inLanguage\":\"pt-BR\",\"potentialAction\":[{\"@type\":\"ReadAction\",\"target\":[\"https:\\\/\\\/www.arzt-team-klosters.ch\\\/pt-br\\\/politica-de-privacidade\\\/\"]}]},{\"@type\":\"BreadcrumbList\",\"@id\":\"https:\\\/\\\/www.arzt-team-klosters.ch\\\/pt-br\\\/politica-de-privacidade\\\/#breadcrumb\",\"itemListElement\":[{\"@type\":\"ListItem\",\"position\":1,\"name\":\"Home\",\"item\":\"https:\\\/\\\/www.arzt-team-klosters.ch\\\/pt-br\\\/\"},{\"@type\":\"ListItem\",\"position\":2,\"name\":\"Pol\u00edtica de privacidade\"}]},{\"@type\":\"WebSite\",\"@id\":\"https:\\\/\\\/www.arzt-team-klosters.ch\\\/pt-br\\\/#website\",\"url\":\"https:\\\/\\\/www.arzt-team-klosters.ch\\\/pt-br\\\/\",\"name\":\"Arzt-Team im Dokterhus \\\/ Klosters\",\"description\":\"\",\"publisher\":{\"@id\":\"https:\\\/\\\/www.arzt-team-klosters.ch\\\/pt-br\\\/#organization\"},\"potentialAction\":[{\"@type\":\"SearchAction\",\"target\":{\"@type\":\"EntryPoint\",\"urlTemplate\":\"https:\\\/\\\/www.arzt-team-klosters.ch\\\/pt-br\\\/?s={search_term_string}\"},\"query-input\":{\"@type\":\"PropertyValueSpecification\",\"valueRequired\":true,\"valueName\":\"search_term_string\"}}],\"inLanguage\":\"pt-BR\"},{\"@type\":\"Organization\",\"@id\":\"https:\\\/\\\/www.arzt-team-klosters.ch\\\/pt-br\\\/#organization\",\"name\":\"Arzt-Team im Dokterhus \\\/ Klosters\",\"url\":\"https:\\\/\\\/www.arzt-team-klosters.ch\\\/pt-br\\\/\",\"logo\":{\"@type\":\"ImageObject\",\"inLanguage\":\"pt-BR\",\"@id\":\"https:\\\/\\\/www.arzt-team-klosters.ch\\\/pt-br\\\/#\\\/schema\\\/logo\\\/image\\\/\",\"url\":\"https:\\\/\\\/www.arzt-team-klosters.ch\\\/wp-content\\\/uploads\\\/LOGO-ArztTeam-im-dokterhus_800.webp\",\"contentUrl\":\"https:\\\/\\\/www.arzt-team-klosters.ch\\\/wp-content\\\/uploads\\\/LOGO-ArztTeam-im-dokterhus_800.webp\",\"width\":800,\"height\":179,\"caption\":\"Arzt-Team im Dokterhus \\\/ Klosters\"},\"image\":{\"@id\":\"https:\\\/\\\/www.arzt-team-klosters.ch\\\/pt-br\\\/#\\\/schema\\\/logo\\\/image\\\/\"}}]}<\/script>\n<!-- \/ Yoast SEO Premium plugin. -->","yoast_head_json":{"title":"Arzt-Team im Dokterhus - Klosters - Pol\u00edtica de privacidade","description":"Sua sa\u00fade \u00e9 importante para n\u00f3s. Dedicamos nosso tempo e ouvimos voc\u00ea.","robots":{"index":"index","follow":"follow","max-snippet":"max-snippet:-1","max-image-preview":"max-image-preview:large","max-video-preview":"max-video-preview:-1"},"canonical":"https:\/\/www.arzt-team-klosters.ch\/pt-br\/politica-de-privacidade\/","og_locale":"pt_BR","og_type":"article","og_title":"Pol\u00edtica de privacidade","og_description":"Sua sa\u00fade \u00e9 importante para n\u00f3s. Dedicamos nosso tempo e ouvimos voc\u00ea.","og_url":"https:\/\/www.arzt-team-klosters.ch\/pt-br\/politica-de-privacidade\/","og_site_name":"Arzt-Team im Dokterhus - Klosters","article_modified_time":"2025-06-29T17:02:09+00:00","twitter_card":"summary_large_image","twitter_misc":{"Est. tempo de leitura":"10 minutos"},"schema":{"@context":"https:\/\/schema.org","@graph":[{"@type":"WebPage","@id":"https:\/\/www.arzt-team-klosters.ch\/pt-br\/politica-de-privacidade\/","url":"https:\/\/www.arzt-team-klosters.ch\/pt-br\/politica-de-privacidade\/","name":"Arzt-Team im Dokterhus - Klosters - Pol\u00edtica de privacidade","isPartOf":{"@id":"https:\/\/www.arzt-team-klosters.ch\/pt-br\/#website"},"datePublished":"2019-01-09T17:00:32+00:00","dateModified":"2025-06-29T17:02:09+00:00","description":"Sua sa\u00fade \u00e9 importante para n\u00f3s. Dedicamos nosso tempo e ouvimos voc\u00ea.","breadcrumb":{"@id":"https:\/\/www.arzt-team-klosters.ch\/pt-br\/politica-de-privacidade\/#breadcrumb"},"inLanguage":"pt-BR","potentialAction":[{"@type":"ReadAction","target":["https:\/\/www.arzt-team-klosters.ch\/pt-br\/politica-de-privacidade\/"]}]},{"@type":"BreadcrumbList","@id":"https:\/\/www.arzt-team-klosters.ch\/pt-br\/politica-de-privacidade\/#breadcrumb","itemListElement":[{"@type":"ListItem","position":1,"name":"Home","item":"https:\/\/www.arzt-team-klosters.ch\/pt-br\/"},{"@type":"ListItem","position":2,"name":"Pol\u00edtica de privacidade"}]},{"@type":"WebSite","@id":"https:\/\/www.arzt-team-klosters.ch\/pt-br\/#website","url":"https:\/\/www.arzt-team-klosters.ch\/pt-br\/","name":"Arzt-Team im Dokterhus \/ Klosters","description":"","publisher":{"@id":"https:\/\/www.arzt-team-klosters.ch\/pt-br\/#organization"},"potentialAction":[{"@type":"SearchAction","target":{"@type":"EntryPoint","urlTemplate":"https:\/\/www.arzt-team-klosters.ch\/pt-br\/?s={search_term_string}"},"query-input":{"@type":"PropertyValueSpecification","valueRequired":true,"valueName":"search_term_string"}}],"inLanguage":"pt-BR"},{"@type":"Organization","@id":"https:\/\/www.arzt-team-klosters.ch\/pt-br\/#organization","name":"Arzt-Team im Dokterhus \/ Klosters","url":"https:\/\/www.arzt-team-klosters.ch\/pt-br\/","logo":{"@type":"ImageObject","inLanguage":"pt-BR","@id":"https:\/\/www.arzt-team-klosters.ch\/pt-br\/#\/schema\/logo\/image\/","url":"https:\/\/www.arzt-team-klosters.ch\/wp-content\/uploads\/LOGO-ArztTeam-im-dokterhus_800.webp","contentUrl":"https:\/\/www.arzt-team-klosters.ch\/wp-content\/uploads\/LOGO-ArztTeam-im-dokterhus_800.webp","width":800,"height":179,"caption":"Arzt-Team im Dokterhus \/ Klosters"},"image":{"@id":"https:\/\/www.arzt-team-klosters.ch\/pt-br\/#\/schema\/logo\/image\/"}}]}},"_links":{"self":[{"href":"https:\/\/www.arzt-team-klosters.ch\/pt-br\/wp-json\/wp\/v2\/pages\/2440","targetHints":{"allow":["GET"]}}],"collection":[{"href":"https:\/\/www.arzt-team-klosters.ch\/pt-br\/wp-json\/wp\/v2\/pages"}],"about":[{"href":"https:\/\/www.arzt-team-klosters.ch\/pt-br\/wp-json\/wp\/v2\/types\/page"}],"author":[{"embeddable":true,"href":"https:\/\/www.arzt-team-klosters.ch\/pt-br\/wp-json\/wp\/v2\/users\/2"}],"replies":[{"embeddable":true,"href":"https:\/\/www.arzt-team-klosters.ch\/pt-br\/wp-json\/wp\/v2\/comments?post=2440"}],"version-history":[{"count":2,"href":"https:\/\/www.arzt-team-klosters.ch\/pt-br\/wp-json\/wp\/v2\/pages\/2440\/revisions"}],"predecessor-version":[{"id":2442,"href":"https:\/\/www.arzt-team-klosters.ch\/pt-br\/wp-json\/wp\/v2\/pages\/2440\/revisions\/2442"}],"wp:attachment":[{"href":"https:\/\/www.arzt-team-klosters.ch\/pt-br\/wp-json\/wp\/v2\/media?parent=2440"}],"curies":[{"name":"wp","href":"https:\/\/api.w.org\/{rel}","templated":true}]}}