{"id":2446,"date":"2019-01-31T14:10:15","date_gmt":"2019-01-31T14:10:15","guid":{"rendered":"https:\/\/www.arzt-team-klosters.ch\/areas-de-especializacao\/medicina-familiar\/"},"modified":"2025-06-29T17:02:49","modified_gmt":"2025-06-29T17:02:49","slug":"medicina-familiar","status":"publish","type":"page","link":"https:\/\/www.arzt-team-klosters.ch\/pt-br\/areas-de-especializacao\/medicina-familiar\/","title":{"rendered":"Medicina familiar"},"content":{"rendered":"<div class=\"fusion-fullwidth fullwidth-box fusion-builder-row-1 nonhundred-percent-fullwidth non-hundred-percent-height-scrolling\" style=\"--awb-border-radius-top-left:0px;--awb-border-radius-top-right:0px;--awb-border-radius-bottom-right:0px;--awb-border-radius-bottom-left:0px;--awb-flex-wrap:wrap;\" ><div class=\"fusion-builder-row fusion-row\"><div class=\"fusion-layout-column fusion_builder_column fusion-builder-column-0 fusion_builder_column_1_1 1_1 fusion-one-full fusion-column-first fusion-column-last\" style=\"--awb-bg-size:cover;--awb-margin-bottom:0px;\"><div class=\"fusion-column-wrapper fusion-flex-column-wrapper-legacy\"><div class=\"fusion-title title fusion-title-1 fusion-sep-none fusion-title-center fusion-title-text fusion-title-size-one\" style=\"--awb-margin-top-small:0px;--awb-margin-right-small:0px;--awb-margin-bottom-small:20px;--awb-margin-left-small:0px;\"><h1 class=\"fusion-title-heading title-heading-center fusion-responsive-typography-calculated\" style=\"margin:0;--fontSize:34;line-height:1.4;\">Medicina familiar<\/h1><\/div><div class=\"fusion-clearfix\"><\/div><\/div><\/div><div class=\"fusion-layout-column fusion_builder_column fusion-builder-column-1 fusion_builder_column_1_2 1_2 fusion-one-half fusion-column-first\" style=\"--awb-bg-size:cover;--awb-margin-bottom:0px;width:48%; margin-right: 4%;\"><div class=\"fusion-column-wrapper fusion-flex-column-wrapper-legacy\"><div class=\"fusion-text fusion-text-1\"><p>N\u00f3s nos vemos como uma equipe de m\u00e9dicos para todos os pacientes, sejam eles grandes ou pequenos. O objetivo \u00e9 acompanhar o paciente, coordenar os esclarecimentos e monitorar o tratamento. <\/p>\n<p>Nosso foco \u00e9 o paciente. Trabalhamos como uma equipe de m\u00e9dicos, assistentes de pr\u00e1tica m\u00e9dica e especialistas. \u00c9 por isso que tamb\u00e9m nos chamamos de centro m\u00e9dico. Temos um compromisso com os residentes de Kloster e arredores, mas tamb\u00e9m com nossos h\u00f3spedes.   <\/p>\n<p>O atendimento m\u00e9dico moderno \u00e9 importante para n\u00f3s. O paciente \u00e9 visto de forma hol\u00edstica. \u00c9 assim que coordenamos as investiga\u00e7\u00f5es e os tratamentos.  <\/p>\n<p>Ap\u00f3s uma consulta e um exame detalhados, respondemos \u00e0s perguntas e aos problemas de nossos pacientes. Podemos realizar exames cl\u00ednicos espec\u00edficos e uma variedade de op\u00e7\u00f5es modernas de esclarecimento imediatamente no consult\u00f3rio, usando nosso moderno laborat\u00f3rio, eletrocardiograma (ECG), raio X, teste de fun\u00e7\u00e3o pulmonar, ECG de estresse, medi\u00e7\u00e3o de press\u00e3o arterial de 24 horas.<\/p>\n<\/div><div class=\"fusion-clearfix\"><\/div><\/div><\/div><div class=\"fusion-layout-column fusion_builder_column fusion-builder-column-2 fusion_builder_column_1_2 1_2 fusion-one-half fusion-column-last\" style=\"--awb-bg-size:cover;--awb-margin-bottom:0px;width:48%;\" data-scroll-devices=\"small-visibility,medium-visibility,large-visibility\"><div class=\"fusion-column-wrapper fusion-column-has-shadow fusion-flex-column-wrapper-legacy\"><div class=\"fusion-text fusion-text-2\"><p>Realizamos pequenos procedimentos, raios X e gessos diretamente no consult\u00f3rio. Para tratamentos que n\u00e3o podem ser realizados por n\u00f3s mesmos, encaminhamos os pacientes para especialistas, para o hospital em Schiers ou para o hospital central. <\/p>\n<p>Estamos conectados \u00e0 rede de m\u00e9dicos da Grisomed. Isso nos permite atender a todos os pacientes que est\u00e3o no modelo de m\u00e9dico de fam\u00edlia. <\/p>\n<p>Para todos os motoristas: podemos realizar os exames m\u00e9dicos obrigat\u00f3rios exigidos a partir dos 70 anos de idade.<\/p>\n<p>Somos membros da rede de m\u00e9dicos de Graub\u00fcnden.<br \/>\n<img decoding=\"async\" class=\"alignnone wp-image-2182\" src=\"http:\/\/www.arzt-team-klosters.ch\/wp-content\/uploads\/Grisomed.webp\" alt=\"\" width=\"233\" height=\"83\" srcset=\"https:\/\/www.arzt-team-klosters.ch\/wp-content\/uploads\/Grisomed-177x63.webp 177w, https:\/\/www.arzt-team-klosters.ch\/wp-content\/uploads\/Grisomed-200x71.webp 200w, https:\/\/www.arzt-team-klosters.ch\/wp-content\/uploads\/Grisomed-300x107.webp 300w, https:\/\/www.arzt-team-klosters.ch\/wp-content\/uploads\/Grisomed-400x143.webp 400w, https:\/\/www.arzt-team-klosters.ch\/wp-content\/uploads\/Grisomed-460x164.webp 460w, https:\/\/www.arzt-team-klosters.ch\/wp-content\/uploads\/Grisomed-540x192.webp 540w, https:\/\/www.arzt-team-klosters.ch\/wp-content\/uploads\/Grisomed-600x214.webp 600w, https:\/\/www.arzt-team-klosters.ch\/wp-content\/uploads\/Grisomed-768x274.webp 768w, https:\/\/www.arzt-team-klosters.ch\/wp-content\/uploads\/Grisomed-800x285.webp 800w, https:\/\/www.arzt-team-klosters.ch\/wp-content\/uploads\/Grisomed.webp 850w\" sizes=\"(max-width: 233px) 100vw, 233px\" \/><\/p>\n<\/div><div class=\"fusion-clearfix\"><\/div><\/div><\/div><\/div><\/div>\n","protected":false},"excerpt":{"rendered":"","protected":false},"author":2,"featured_media":0,"parent":2443,"menu_order":0,"comment_status":"closed","ping_status":"closed","template":"","meta":{"rs_blank_template":"","rs_page_bg_color":"","slide_template_v7":"","footnotes":""},"class_list":["post-2446","page","type-page","status-publish","hentry"],"yoast_head":"<!-- This site is optimized with the Yoast SEO Premium plugin v27.3 (Yoast SEO v27.4) - https:\/\/yoast.com\/product\/yoast-seo-premium-wordpress\/ -->\n<title>Arzt-Team Klosters: Seu consult\u00f3rio m\u00e9dico em Pr\u00e4ttigau<\/title>\n<meta name=\"description\" content=\"Medicina familiar: Nosso objetivo \u00e9 oferecer atendimento m\u00e9dico moderno, levando em conta o corpo, a mente e a alma.\" \/>\n<meta name=\"robots\" content=\"index, follow, max-snippet:-1, max-image-preview:large, max-video-preview:-1\" \/>\n<link rel=\"canonical\" href=\"https:\/\/www.arzt-team-klosters.ch\/pt-br\/areas-de-especializacao\/medicina-familiar\/\" \/>\n<meta property=\"og:locale\" content=\"pt_BR\" \/>\n<meta property=\"og:type\" content=\"article\" \/>\n<meta property=\"og:title\" content=\"Medicina familiar\" \/>\n<meta property=\"og:description\" content=\"Medicina familiar: Nosso objetivo \u00e9 oferecer atendimento m\u00e9dico moderno, levando em conta o corpo, a mente e a alma.\" \/>\n<meta property=\"og:url\" content=\"https:\/\/www.arzt-team-klosters.ch\/pt-br\/areas-de-especializacao\/medicina-familiar\/\" \/>\n<meta property=\"og:site_name\" content=\"Arzt-Team im Dokterhus - Klosters\" \/>\n<meta property=\"article:modified_time\" content=\"2025-06-29T17:02:49+00:00\" \/>\n<meta property=\"og:image\" content=\"http:\/\/www.arzt-team-klosters.ch\/wp-content\/uploads\/Grisomed.webp\" \/>\n<meta name=\"twitter:card\" content=\"summary_large_image\" \/>\n<meta name=\"twitter:label1\" content=\"Est. tempo de leitura\" \/>\n\t<meta name=\"twitter:data1\" content=\"6 minutos\" \/>\n<script type=\"application\/ld+json\" class=\"yoast-schema-graph\">{\"@context\":\"https:\\\/\\\/schema.org\",\"@graph\":[{\"@type\":\"WebPage\",\"@id\":\"https:\\\/\\\/www.arzt-team-klosters.ch\\\/pt-br\\\/areas-de-especializacao\\\/medicina-familiar\\\/\",\"url\":\"https:\\\/\\\/www.arzt-team-klosters.ch\\\/pt-br\\\/areas-de-especializacao\\\/medicina-familiar\\\/\",\"name\":\"Arzt-Team Klosters: Seu consult\u00f3rio m\u00e9dico em Pr\u00e4ttigau\",\"isPartOf\":{\"@id\":\"https:\\\/\\\/www.arzt-team-klosters.ch\\\/pt-br\\\/#website\"},\"primaryImageOfPage\":{\"@id\":\"https:\\\/\\\/www.arzt-team-klosters.ch\\\/pt-br\\\/areas-de-especializacao\\\/medicina-familiar\\\/#primaryimage\"},\"image\":{\"@id\":\"https:\\\/\\\/www.arzt-team-klosters.ch\\\/pt-br\\\/areas-de-especializacao\\\/medicina-familiar\\\/#primaryimage\"},\"thumbnailUrl\":\"http:\\\/\\\/www.arzt-team-klosters.ch\\\/wp-content\\\/uploads\\\/Grisomed.webp\",\"datePublished\":\"2019-01-31T14:10:15+00:00\",\"dateModified\":\"2025-06-29T17:02:49+00:00\",\"description\":\"Medicina familiar: Nosso objetivo \u00e9 oferecer atendimento m\u00e9dico moderno, levando em conta o corpo, a mente e a alma.\",\"breadcrumb\":{\"@id\":\"https:\\\/\\\/www.arzt-team-klosters.ch\\\/pt-br\\\/areas-de-especializacao\\\/medicina-familiar\\\/#breadcrumb\"},\"inLanguage\":\"pt-BR\",\"potentialAction\":[{\"@type\":\"ReadAction\",\"target\":[\"https:\\\/\\\/www.arzt-team-klosters.ch\\\/pt-br\\\/areas-de-especializacao\\\/medicina-familiar\\\/\"]}]},{\"@type\":\"ImageObject\",\"inLanguage\":\"pt-BR\",\"@id\":\"https:\\\/\\\/www.arzt-team-klosters.ch\\\/pt-br\\\/areas-de-especializacao\\\/medicina-familiar\\\/#primaryimage\",\"url\":\"http:\\\/\\\/www.arzt-team-klosters.ch\\\/wp-content\\\/uploads\\\/Grisomed.webp\",\"contentUrl\":\"http:\\\/\\\/www.arzt-team-klosters.ch\\\/wp-content\\\/uploads\\\/Grisomed.webp\"},{\"@type\":\"BreadcrumbList\",\"@id\":\"https:\\\/\\\/www.arzt-team-klosters.ch\\\/pt-br\\\/areas-de-especializacao\\\/medicina-familiar\\\/#breadcrumb\",\"itemListElement\":[{\"@type\":\"ListItem\",\"position\":1,\"name\":\"Home\",\"item\":\"https:\\\/\\\/www.arzt-team-klosters.ch\\\/pt-br\\\/\"},{\"@type\":\"ListItem\",\"position\":2,\"name\":\"\u00c1reas de especializa\u00e7\u00e3o\",\"item\":\"https:\\\/\\\/www.arzt-team-klosters.ch\\\/pt-br\\\/areas-de-especializacao\\\/\"},{\"@type\":\"ListItem\",\"position\":3,\"name\":\"Medicina familiar\"}]},{\"@type\":\"WebSite\",\"@id\":\"https:\\\/\\\/www.arzt-team-klosters.ch\\\/pt-br\\\/#website\",\"url\":\"https:\\\/\\\/www.arzt-team-klosters.ch\\\/pt-br\\\/\",\"name\":\"Arzt-Team im Dokterhus \\\/ Klosters\",\"description\":\"\",\"publisher\":{\"@id\":\"https:\\\/\\\/www.arzt-team-klosters.ch\\\/pt-br\\\/#organization\"},\"potentialAction\":[{\"@type\":\"SearchAction\",\"target\":{\"@type\":\"EntryPoint\",\"urlTemplate\":\"https:\\\/\\\/www.arzt-team-klosters.ch\\\/pt-br\\\/?s={search_term_string}\"},\"query-input\":{\"@type\":\"PropertyValueSpecification\",\"valueRequired\":true,\"valueName\":\"search_term_string\"}}],\"inLanguage\":\"pt-BR\"},{\"@type\":\"Organization\",\"@id\":\"https:\\\/\\\/www.arzt-team-klosters.ch\\\/pt-br\\\/#organization\",\"name\":\"Arzt-Team im Dokterhus \\\/ Klosters\",\"url\":\"https:\\\/\\\/www.arzt-team-klosters.ch\\\/pt-br\\\/\",\"logo\":{\"@type\":\"ImageObject\",\"inLanguage\":\"pt-BR\",\"@id\":\"https:\\\/\\\/www.arzt-team-klosters.ch\\\/pt-br\\\/#\\\/schema\\\/logo\\\/image\\\/\",\"url\":\"https:\\\/\\\/www.arzt-team-klosters.ch\\\/wp-content\\\/uploads\\\/LOGO-ArztTeam-im-dokterhus_800.webp\",\"contentUrl\":\"https:\\\/\\\/www.arzt-team-klosters.ch\\\/wp-content\\\/uploads\\\/LOGO-ArztTeam-im-dokterhus_800.webp\",\"width\":800,\"height\":179,\"caption\":\"Arzt-Team im Dokterhus \\\/ Klosters\"},\"image\":{\"@id\":\"https:\\\/\\\/www.arzt-team-klosters.ch\\\/pt-br\\\/#\\\/schema\\\/logo\\\/image\\\/\"}}]}<\/script>\n<!-- \/ Yoast SEO Premium plugin. -->","yoast_head_json":{"title":"Arzt-Team Klosters: Seu consult\u00f3rio m\u00e9dico em Pr\u00e4ttigau","description":"Medicina familiar: Nosso objetivo \u00e9 oferecer atendimento m\u00e9dico moderno, levando em conta o corpo, a mente e a alma.","robots":{"index":"index","follow":"follow","max-snippet":"max-snippet:-1","max-image-preview":"max-image-preview:large","max-video-preview":"max-video-preview:-1"},"canonical":"https:\/\/www.arzt-team-klosters.ch\/pt-br\/areas-de-especializacao\/medicina-familiar\/","og_locale":"pt_BR","og_type":"article","og_title":"Medicina familiar","og_description":"Medicina familiar: Nosso objetivo \u00e9 oferecer atendimento m\u00e9dico moderno, levando em conta o corpo, a mente e a alma.","og_url":"https:\/\/www.arzt-team-klosters.ch\/pt-br\/areas-de-especializacao\/medicina-familiar\/","og_site_name":"Arzt-Team im Dokterhus - Klosters","article_modified_time":"2025-06-29T17:02:49+00:00","og_image":[{"url":"http:\/\/www.arzt-team-klosters.ch\/wp-content\/uploads\/Grisomed.webp","type":"","width":"","height":""}],"twitter_card":"summary_large_image","twitter_misc":{"Est. tempo de leitura":"6 minutos"},"schema":{"@context":"https:\/\/schema.org","@graph":[{"@type":"WebPage","@id":"https:\/\/www.arzt-team-klosters.ch\/pt-br\/areas-de-especializacao\/medicina-familiar\/","url":"https:\/\/www.arzt-team-klosters.ch\/pt-br\/areas-de-especializacao\/medicina-familiar\/","name":"Arzt-Team Klosters: Seu consult\u00f3rio m\u00e9dico em Pr\u00e4ttigau","isPartOf":{"@id":"https:\/\/www.arzt-team-klosters.ch\/pt-br\/#website"},"primaryImageOfPage":{"@id":"https:\/\/www.arzt-team-klosters.ch\/pt-br\/areas-de-especializacao\/medicina-familiar\/#primaryimage"},"image":{"@id":"https:\/\/www.arzt-team-klosters.ch\/pt-br\/areas-de-especializacao\/medicina-familiar\/#primaryimage"},"thumbnailUrl":"http:\/\/www.arzt-team-klosters.ch\/wp-content\/uploads\/Grisomed.webp","datePublished":"2019-01-31T14:10:15+00:00","dateModified":"2025-06-29T17:02:49+00:00","description":"Medicina familiar: Nosso objetivo \u00e9 oferecer atendimento m\u00e9dico moderno, levando em conta o corpo, a mente e a alma.","breadcrumb":{"@id":"https:\/\/www.arzt-team-klosters.ch\/pt-br\/areas-de-especializacao\/medicina-familiar\/#breadcrumb"},"inLanguage":"pt-BR","potentialAction":[{"@type":"ReadAction","target":["https:\/\/www.arzt-team-klosters.ch\/pt-br\/areas-de-especializacao\/medicina-familiar\/"]}]},{"@type":"ImageObject","inLanguage":"pt-BR","@id":"https:\/\/www.arzt-team-klosters.ch\/pt-br\/areas-de-especializacao\/medicina-familiar\/#primaryimage","url":"http:\/\/www.arzt-team-klosters.ch\/wp-content\/uploads\/Grisomed.webp","contentUrl":"http:\/\/www.arzt-team-klosters.ch\/wp-content\/uploads\/Grisomed.webp"},{"@type":"BreadcrumbList","@id":"https:\/\/www.arzt-team-klosters.ch\/pt-br\/areas-de-especializacao\/medicina-familiar\/#breadcrumb","itemListElement":[{"@type":"ListItem","position":1,"name":"Home","item":"https:\/\/www.arzt-team-klosters.ch\/pt-br\/"},{"@type":"ListItem","position":2,"name":"\u00c1reas de especializa\u00e7\u00e3o","item":"https:\/\/www.arzt-team-klosters.ch\/pt-br\/areas-de-especializacao\/"},{"@type":"ListItem","position":3,"name":"Medicina familiar"}]},{"@type":"WebSite","@id":"https:\/\/www.arzt-team-klosters.ch\/pt-br\/#website","url":"https:\/\/www.arzt-team-klosters.ch\/pt-br\/","name":"Arzt-Team im Dokterhus \/ Klosters","description":"","publisher":{"@id":"https:\/\/www.arzt-team-klosters.ch\/pt-br\/#organization"},"potentialAction":[{"@type":"SearchAction","target":{"@type":"EntryPoint","urlTemplate":"https:\/\/www.arzt-team-klosters.ch\/pt-br\/?s={search_term_string}"},"query-input":{"@type":"PropertyValueSpecification","valueRequired":true,"valueName":"search_term_string"}}],"inLanguage":"pt-BR"},{"@type":"Organization","@id":"https:\/\/www.arzt-team-klosters.ch\/pt-br\/#organization","name":"Arzt-Team im Dokterhus \/ Klosters","url":"https:\/\/www.arzt-team-klosters.ch\/pt-br\/","logo":{"@type":"ImageObject","inLanguage":"pt-BR","@id":"https:\/\/www.arzt-team-klosters.ch\/pt-br\/#\/schema\/logo\/image\/","url":"https:\/\/www.arzt-team-klosters.ch\/wp-content\/uploads\/LOGO-ArztTeam-im-dokterhus_800.webp","contentUrl":"https:\/\/www.arzt-team-klosters.ch\/wp-content\/uploads\/LOGO-ArztTeam-im-dokterhus_800.webp","width":800,"height":179,"caption":"Arzt-Team im Dokterhus \/ Klosters"},"image":{"@id":"https:\/\/www.arzt-team-klosters.ch\/pt-br\/#\/schema\/logo\/image\/"}}]}},"_links":{"self":[{"href":"https:\/\/www.arzt-team-klosters.ch\/pt-br\/wp-json\/wp\/v2\/pages\/2446","targetHints":{"allow":["GET"]}}],"collection":[{"href":"https:\/\/www.arzt-team-klosters.ch\/pt-br\/wp-json\/wp\/v2\/pages"}],"about":[{"href":"https:\/\/www.arzt-team-klosters.ch\/pt-br\/wp-json\/wp\/v2\/types\/page"}],"author":[{"embeddable":true,"href":"https:\/\/www.arzt-team-klosters.ch\/pt-br\/wp-json\/wp\/v2\/users\/2"}],"replies":[{"embeddable":true,"href":"https:\/\/www.arzt-team-klosters.ch\/pt-br\/wp-json\/wp\/v2\/comments?post=2446"}],"version-history":[{"count":2,"href":"https:\/\/www.arzt-team-klosters.ch\/pt-br\/wp-json\/wp\/v2\/pages\/2446\/revisions"}],"predecessor-version":[{"id":2448,"href":"https:\/\/www.arzt-team-klosters.ch\/pt-br\/wp-json\/wp\/v2\/pages\/2446\/revisions\/2448"}],"up":[{"embeddable":true,"href":"https:\/\/www.arzt-team-klosters.ch\/pt-br\/wp-json\/wp\/v2\/pages\/2443"}],"wp:attachment":[{"href":"https:\/\/www.arzt-team-klosters.ch\/pt-br\/wp-json\/wp\/v2\/media?parent=2446"}],"curies":[{"name":"wp","href":"https:\/\/api.w.org\/{rel}","templated":true}]}}