{"id":2452,"date":"2023-06-04T16:33:05","date_gmt":"2023-06-04T16:33:05","guid":{"rendered":"https:\/\/www.arzt-team-klosters.ch\/areas-de-especializacao\/ortopedia-e-traumatologia\/"},"modified":"2025-06-29T17:03:46","modified_gmt":"2025-06-29T17:03:46","slug":"ortopedia-e-traumatologia","status":"publish","type":"page","link":"https:\/\/www.arzt-team-klosters.ch\/pt-br\/areas-de-especializacao\/ortopedia-e-traumatologia\/","title":{"rendered":"Ortopedia e traumatologia"},"content":{"rendered":"<div class=\"fusion-fullwidth fullwidth-box fusion-builder-row-1 nonhundred-percent-fullwidth non-hundred-percent-height-scrolling\" style=\"--awb-border-radius-top-left:0px;--awb-border-radius-top-right:0px;--awb-border-radius-bottom-right:0px;--awb-border-radius-bottom-left:0px;--awb-flex-wrap:wrap;\" ><div class=\"fusion-builder-row fusion-row\"><div class=\"fusion-layout-column fusion_builder_column fusion-builder-column-0 fusion_builder_column_1_1 1_1 fusion-one-full fusion-column-first fusion-column-last\" style=\"--awb-bg-size:cover;--awb-margin-bottom:0px;\"><div class=\"fusion-column-wrapper fusion-flex-column-wrapper-legacy\"><div class=\"fusion-title title fusion-title-1 fusion-sep-none fusion-title-center fusion-title-text fusion-title-size-one\" style=\"--awb-margin-top-small:0px;--awb-margin-right-small:0px;--awb-margin-bottom-small:20px;--awb-margin-left-small:0px;\"><h1 class=\"fusion-title-heading title-heading-center fusion-responsive-typography-calculated\" style=\"margin:0;--fontSize:34;line-height:1.4;\">Ortopedia e traumatologia<\/h1><\/div><div class=\"fusion-clearfix\"><\/div><\/div><\/div><div class=\"fusion-layout-column fusion_builder_column fusion-builder-column-1 fusion_builder_column_1_2 1_2 fusion-one-half fusion-column-first\" style=\"--awb-bg-size:cover;--awb-margin-bottom:0px;width:48%; margin-right: 4%;\"><div class=\"fusion-column-wrapper fusion-flex-column-wrapper-legacy\"><div class=\"fusion-text fusion-text-1\"><p>O termo<strong>&#8220;ortopedia<\/strong>&#8221; vem do grego e significa literalmente<em>&#8220;o estudo da crian\u00e7a ereta<\/em>&#8220;. A ortopedia \u00e9 uma especialidade m\u00e9dica que lida com o <strong>tratamento de deformidades cong\u00eanitas, a preven\u00e7\u00e3o e o tratamento de doen\u00e7as cr\u00f4nicas e les\u00f5es no sistema musculoesquel\u00e9tico<\/strong>. Al\u00e9m de diagnosticar a respectiva causa da doen\u00e7a, v\u00e1rias op\u00e7\u00f5es de tratamento s\u00e3o examinadas e procedimentos de reabilita\u00e7\u00e3o s\u00e3o desenvolvidos para o paciente.  <\/p>\n<p style=\"background: white; margin: 0mm 0mm 7.5pt 0mm;\"><span lang=\"DE-CH\" style=\"font-size: 13.0pt; font-family: 'Lato',sans-serif; color: #293133;\">O sistema musculoesquel\u00e9tico humano \u00e9 um sistema complexo. N\u00e3o apenas ossos, m\u00fasculos e articula\u00e7\u00f5es, mas tamb\u00e9m tend\u00f5es, vasos, nervos, ligamentos e bursas desempenham tarefas importantes. Se ocorrerem problemas em uma dessas \u00e1reas, isso pode causar dor ou restri\u00e7\u00e3o de movimento, o que \u00e9 desagrad\u00e1vel para o paciente e restringe sua qualidade de vida. \u00c9 importante neutralizar esse problema.   <\/span><\/p>\n<h3>O tratamento ortop\u00e9dico \u00e9 adequado para muitas \u00e1reas<\/h3>\n<ul>\n<li>Artroses<\/li>\n<li>Necrose \u00f3ssea,<\/li>\n<li>Ligamentos rompidos,<\/li>\n<li>H\u00e9rnia de disco,<\/li>\n<li>Espor\u00e3o do calcanhar<\/li>\n<li>Entorses,<\/li>\n<li>Pontiagudo e splayfoot<\/li>\n<li>Cotovelo de tenista,<\/li>\n<li>Infec\u00e7\u00f5es das articula\u00e7\u00f5es,<\/li>\n<li>Lumbago,<\/li>\n<li>Displasia do quadril,<\/li>\n<li>Ci\u00e1tica,<\/li>\n<li>S\u00edndrome do t\u00fanel do carpo,<\/li>\n<li>L\u00e1grimas musculares,<\/li>\n<li>Osteoporose,<\/li>\n<li>Whiplash<\/li>\n<li>Fratura da clav\u00edcula,<\/li>\n<li>Estalar os dedos<\/li>\n<li>Rasgos nos tend\u00f5es<\/li>\n<\/ul>\n<\/div><div class=\"fusion-clearfix\"><\/div><\/div><\/div><div class=\"fusion-layout-column fusion_builder_column fusion-builder-column-2 fusion_builder_column_1_2 1_2 fusion-one-half fusion-column-last\" style=\"--awb-bg-size:cover;--awb-margin-bottom:0px;width:48%;\"><div class=\"fusion-column-wrapper fusion-flex-column-wrapper-legacy\"><div class=\"fusion-text fusion-text-2\"><p><strong>A traumatologia lida com les\u00f5es agudas f\u00edsicas e qu\u00edmicas.<\/strong><\/p>\n<p>As causas incluem mordidas, facadas, cortes ou ferimentos por arma de fogo, acidentes de tr\u00e2nsito, acidentes esportivos ou acidentes de trabalho.<\/p>\n<p>As consequ\u00eancias incluem principalmente <strong>les\u00f5es<\/strong> mec\u00e2nicas <strong>no sistema musculoesquel\u00e9tico<\/strong>, que fica particularmente exposto em acidentes. Essas les\u00f5es incluem ossos quebrados, les\u00f5es musculares, bem como rupturas e distens\u00f5es em tend\u00f5es e ligamentos.<\/p>\n<\/div><div class=\"fusion-clearfix\"><\/div><\/div><\/div><\/div><\/div>\n","protected":false},"excerpt":{"rendered":"","protected":false},"author":2,"featured_media":0,"parent":2443,"menu_order":0,"comment_status":"closed","ping_status":"closed","template":"","meta":{"rs_blank_template":"","rs_page_bg_color":"","slide_template_v7":"","footnotes":""},"class_list":["post-2452","page","type-page","status-publish","hentry"],"yoast_head":"<!-- This site is optimized with the Yoast SEO Premium plugin v27.3 (Yoast SEO v27.4) - https:\/\/yoast.com\/product\/yoast-seo-premium-wordpress\/ -->\n<title>Arzt-Team im Dokterhus - Klosters - Ortopedia e traumatologia - Mosteiro<\/title>\n<meta name=\"description\" content=\"Ortopedia. Somos especializados no tratamento e na preven\u00e7\u00e3o de doen\u00e7as cr\u00f4nicas e les\u00f5es do sistema musculoesquel\u00e9tico.\" \/>\n<meta name=\"robots\" content=\"index, follow, max-snippet:-1, max-image-preview:large, max-video-preview:-1\" \/>\n<link rel=\"canonical\" href=\"https:\/\/www.arzt-team-klosters.ch\/pt-br\/areas-de-especializacao\/ortopedia-e-traumatologia\/\" \/>\n<meta property=\"og:locale\" content=\"pt_BR\" \/>\n<meta property=\"og:type\" content=\"article\" \/>\n<meta property=\"og:title\" content=\"Ortopedia e traumatologia\" \/>\n<meta property=\"og:description\" content=\"Ortopedia. Somos especializados no tratamento e na preven\u00e7\u00e3o de doen\u00e7as cr\u00f4nicas e les\u00f5es do sistema musculoesquel\u00e9tico.\" \/>\n<meta property=\"og:url\" content=\"https:\/\/www.arzt-team-klosters.ch\/pt-br\/areas-de-especializacao\/ortopedia-e-traumatologia\/\" \/>\n<meta property=\"og:site_name\" content=\"Arzt-Team im Dokterhus - Klosters\" \/>\n<meta property=\"article:modified_time\" content=\"2025-06-29T17:03:46+00:00\" \/>\n<meta name=\"twitter:card\" content=\"summary_large_image\" \/>\n<meta name=\"twitter:label1\" content=\"Est. tempo de leitura\" \/>\n\t<meta name=\"twitter:data1\" content=\"5 minutos\" \/>\n<script type=\"application\/ld+json\" class=\"yoast-schema-graph\">{\"@context\":\"https:\\\/\\\/schema.org\",\"@graph\":[{\"@type\":\"WebPage\",\"@id\":\"https:\\\/\\\/www.arzt-team-klosters.ch\\\/pt-br\\\/areas-de-especializacao\\\/ortopedia-e-traumatologia\\\/\",\"url\":\"https:\\\/\\\/www.arzt-team-klosters.ch\\\/pt-br\\\/areas-de-especializacao\\\/ortopedia-e-traumatologia\\\/\",\"name\":\"Arzt-Team im Dokterhus - Klosters - Ortopedia e traumatologia - Mosteiro\",\"isPartOf\":{\"@id\":\"https:\\\/\\\/www.arzt-team-klosters.ch\\\/pt-br\\\/#website\"},\"datePublished\":\"2023-06-04T16:33:05+00:00\",\"dateModified\":\"2025-06-29T17:03:46+00:00\",\"description\":\"Ortopedia. Somos especializados no tratamento e na preven\u00e7\u00e3o de doen\u00e7as cr\u00f4nicas e les\u00f5es do sistema musculoesquel\u00e9tico.\",\"breadcrumb\":{\"@id\":\"https:\\\/\\\/www.arzt-team-klosters.ch\\\/pt-br\\\/areas-de-especializacao\\\/ortopedia-e-traumatologia\\\/#breadcrumb\"},\"inLanguage\":\"pt-BR\",\"potentialAction\":[{\"@type\":\"ReadAction\",\"target\":[\"https:\\\/\\\/www.arzt-team-klosters.ch\\\/pt-br\\\/areas-de-especializacao\\\/ortopedia-e-traumatologia\\\/\"]}]},{\"@type\":\"BreadcrumbList\",\"@id\":\"https:\\\/\\\/www.arzt-team-klosters.ch\\\/pt-br\\\/areas-de-especializacao\\\/ortopedia-e-traumatologia\\\/#breadcrumb\",\"itemListElement\":[{\"@type\":\"ListItem\",\"position\":1,\"name\":\"Home\",\"item\":\"https:\\\/\\\/www.arzt-team-klosters.ch\\\/pt-br\\\/\"},{\"@type\":\"ListItem\",\"position\":2,\"name\":\"\u00c1reas de especializa\u00e7\u00e3o\",\"item\":\"https:\\\/\\\/www.arzt-team-klosters.ch\\\/pt-br\\\/areas-de-especializacao\\\/\"},{\"@type\":\"ListItem\",\"position\":3,\"name\":\"Ortopedia e traumatologia\"}]},{\"@type\":\"WebSite\",\"@id\":\"https:\\\/\\\/www.arzt-team-klosters.ch\\\/pt-br\\\/#website\",\"url\":\"https:\\\/\\\/www.arzt-team-klosters.ch\\\/pt-br\\\/\",\"name\":\"Arzt-Team im Dokterhus \\\/ Klosters\",\"description\":\"\",\"publisher\":{\"@id\":\"https:\\\/\\\/www.arzt-team-klosters.ch\\\/pt-br\\\/#organization\"},\"potentialAction\":[{\"@type\":\"SearchAction\",\"target\":{\"@type\":\"EntryPoint\",\"urlTemplate\":\"https:\\\/\\\/www.arzt-team-klosters.ch\\\/pt-br\\\/?s={search_term_string}\"},\"query-input\":{\"@type\":\"PropertyValueSpecification\",\"valueRequired\":true,\"valueName\":\"search_term_string\"}}],\"inLanguage\":\"pt-BR\"},{\"@type\":\"Organization\",\"@id\":\"https:\\\/\\\/www.arzt-team-klosters.ch\\\/pt-br\\\/#organization\",\"name\":\"Arzt-Team im Dokterhus \\\/ Klosters\",\"url\":\"https:\\\/\\\/www.arzt-team-klosters.ch\\\/pt-br\\\/\",\"logo\":{\"@type\":\"ImageObject\",\"inLanguage\":\"pt-BR\",\"@id\":\"https:\\\/\\\/www.arzt-team-klosters.ch\\\/pt-br\\\/#\\\/schema\\\/logo\\\/image\\\/\",\"url\":\"https:\\\/\\\/www.arzt-team-klosters.ch\\\/wp-content\\\/uploads\\\/LOGO-ArztTeam-im-dokterhus_800.webp\",\"contentUrl\":\"https:\\\/\\\/www.arzt-team-klosters.ch\\\/wp-content\\\/uploads\\\/LOGO-ArztTeam-im-dokterhus_800.webp\",\"width\":800,\"height\":179,\"caption\":\"Arzt-Team im Dokterhus \\\/ Klosters\"},\"image\":{\"@id\":\"https:\\\/\\\/www.arzt-team-klosters.ch\\\/pt-br\\\/#\\\/schema\\\/logo\\\/image\\\/\"}}]}<\/script>\n<!-- \/ Yoast SEO Premium plugin. -->","yoast_head_json":{"title":"Arzt-Team im Dokterhus - Klosters - Ortopedia e traumatologia - Mosteiro","description":"Ortopedia. Somos especializados no tratamento e na preven\u00e7\u00e3o de doen\u00e7as cr\u00f4nicas e les\u00f5es do sistema musculoesquel\u00e9tico.","robots":{"index":"index","follow":"follow","max-snippet":"max-snippet:-1","max-image-preview":"max-image-preview:large","max-video-preview":"max-video-preview:-1"},"canonical":"https:\/\/www.arzt-team-klosters.ch\/pt-br\/areas-de-especializacao\/ortopedia-e-traumatologia\/","og_locale":"pt_BR","og_type":"article","og_title":"Ortopedia e traumatologia","og_description":"Ortopedia. Somos especializados no tratamento e na preven\u00e7\u00e3o de doen\u00e7as cr\u00f4nicas e les\u00f5es do sistema musculoesquel\u00e9tico.","og_url":"https:\/\/www.arzt-team-klosters.ch\/pt-br\/areas-de-especializacao\/ortopedia-e-traumatologia\/","og_site_name":"Arzt-Team im Dokterhus - Klosters","article_modified_time":"2025-06-29T17:03:46+00:00","twitter_card":"summary_large_image","twitter_misc":{"Est. tempo de leitura":"5 minutos"},"schema":{"@context":"https:\/\/schema.org","@graph":[{"@type":"WebPage","@id":"https:\/\/www.arzt-team-klosters.ch\/pt-br\/areas-de-especializacao\/ortopedia-e-traumatologia\/","url":"https:\/\/www.arzt-team-klosters.ch\/pt-br\/areas-de-especializacao\/ortopedia-e-traumatologia\/","name":"Arzt-Team im Dokterhus - Klosters - Ortopedia e traumatologia - Mosteiro","isPartOf":{"@id":"https:\/\/www.arzt-team-klosters.ch\/pt-br\/#website"},"datePublished":"2023-06-04T16:33:05+00:00","dateModified":"2025-06-29T17:03:46+00:00","description":"Ortopedia. Somos especializados no tratamento e na preven\u00e7\u00e3o de doen\u00e7as cr\u00f4nicas e les\u00f5es do sistema musculoesquel\u00e9tico.","breadcrumb":{"@id":"https:\/\/www.arzt-team-klosters.ch\/pt-br\/areas-de-especializacao\/ortopedia-e-traumatologia\/#breadcrumb"},"inLanguage":"pt-BR","potentialAction":[{"@type":"ReadAction","target":["https:\/\/www.arzt-team-klosters.ch\/pt-br\/areas-de-especializacao\/ortopedia-e-traumatologia\/"]}]},{"@type":"BreadcrumbList","@id":"https:\/\/www.arzt-team-klosters.ch\/pt-br\/areas-de-especializacao\/ortopedia-e-traumatologia\/#breadcrumb","itemListElement":[{"@type":"ListItem","position":1,"name":"Home","item":"https:\/\/www.arzt-team-klosters.ch\/pt-br\/"},{"@type":"ListItem","position":2,"name":"\u00c1reas de especializa\u00e7\u00e3o","item":"https:\/\/www.arzt-team-klosters.ch\/pt-br\/areas-de-especializacao\/"},{"@type":"ListItem","position":3,"name":"Ortopedia e traumatologia"}]},{"@type":"WebSite","@id":"https:\/\/www.arzt-team-klosters.ch\/pt-br\/#website","url":"https:\/\/www.arzt-team-klosters.ch\/pt-br\/","name":"Arzt-Team im Dokterhus \/ Klosters","description":"","publisher":{"@id":"https:\/\/www.arzt-team-klosters.ch\/pt-br\/#organization"},"potentialAction":[{"@type":"SearchAction","target":{"@type":"EntryPoint","urlTemplate":"https:\/\/www.arzt-team-klosters.ch\/pt-br\/?s={search_term_string}"},"query-input":{"@type":"PropertyValueSpecification","valueRequired":true,"valueName":"search_term_string"}}],"inLanguage":"pt-BR"},{"@type":"Organization","@id":"https:\/\/www.arzt-team-klosters.ch\/pt-br\/#organization","name":"Arzt-Team im Dokterhus \/ Klosters","url":"https:\/\/www.arzt-team-klosters.ch\/pt-br\/","logo":{"@type":"ImageObject","inLanguage":"pt-BR","@id":"https:\/\/www.arzt-team-klosters.ch\/pt-br\/#\/schema\/logo\/image\/","url":"https:\/\/www.arzt-team-klosters.ch\/wp-content\/uploads\/LOGO-ArztTeam-im-dokterhus_800.webp","contentUrl":"https:\/\/www.arzt-team-klosters.ch\/wp-content\/uploads\/LOGO-ArztTeam-im-dokterhus_800.webp","width":800,"height":179,"caption":"Arzt-Team im Dokterhus \/ Klosters"},"image":{"@id":"https:\/\/www.arzt-team-klosters.ch\/pt-br\/#\/schema\/logo\/image\/"}}]}},"_links":{"self":[{"href":"https:\/\/www.arzt-team-klosters.ch\/pt-br\/wp-json\/wp\/v2\/pages\/2452","targetHints":{"allow":["GET"]}}],"collection":[{"href":"https:\/\/www.arzt-team-klosters.ch\/pt-br\/wp-json\/wp\/v2\/pages"}],"about":[{"href":"https:\/\/www.arzt-team-klosters.ch\/pt-br\/wp-json\/wp\/v2\/types\/page"}],"author":[{"embeddable":true,"href":"https:\/\/www.arzt-team-klosters.ch\/pt-br\/wp-json\/wp\/v2\/users\/2"}],"replies":[{"embeddable":true,"href":"https:\/\/www.arzt-team-klosters.ch\/pt-br\/wp-json\/wp\/v2\/comments?post=2452"}],"version-history":[{"count":2,"href":"https:\/\/www.arzt-team-klosters.ch\/pt-br\/wp-json\/wp\/v2\/pages\/2452\/revisions"}],"predecessor-version":[{"id":2454,"href":"https:\/\/www.arzt-team-klosters.ch\/pt-br\/wp-json\/wp\/v2\/pages\/2452\/revisions\/2454"}],"up":[{"embeddable":true,"href":"https:\/\/www.arzt-team-klosters.ch\/pt-br\/wp-json\/wp\/v2\/pages\/2443"}],"wp:attachment":[{"href":"https:\/\/www.arzt-team-klosters.ch\/pt-br\/wp-json\/wp\/v2\/media?parent=2452"}],"curies":[{"name":"wp","href":"https:\/\/api.w.org\/{rel}","templated":true}]}}