{"id":2455,"date":"2023-06-04T16:37:02","date_gmt":"2023-06-04T16:37:02","guid":{"rendered":"https:\/\/www.arzt-team-klosters.ch\/areas-de-especializacao\/medicina-esportiva\/"},"modified":"2025-06-29T17:04:01","modified_gmt":"2025-06-29T17:04:01","slug":"medicina-esportiva","status":"publish","type":"page","link":"https:\/\/www.arzt-team-klosters.ch\/pt-br\/areas-de-especializacao\/medicina-esportiva\/","title":{"rendered":"Medicina esportiva"},"content":{"rendered":"<div class=\"fusion-fullwidth fullwidth-box fusion-builder-row-1 nonhundred-percent-fullwidth non-hundred-percent-height-scrolling\" style=\"--awb-border-radius-top-left:0px;--awb-border-radius-top-right:0px;--awb-border-radius-bottom-right:0px;--awb-border-radius-bottom-left:0px;--awb-flex-wrap:wrap;\" ><div class=\"fusion-builder-row fusion-row\"><div class=\"fusion-layout-column fusion_builder_column fusion-builder-column-0 fusion_builder_column_1_1 1_1 fusion-one-full fusion-column-first fusion-column-last\" style=\"--awb-bg-size:cover;--awb-margin-bottom:0px;\"><div class=\"fusion-column-wrapper fusion-flex-column-wrapper-legacy\"><div class=\"fusion-title title fusion-title-1 fusion-sep-none fusion-title-center fusion-title-text fusion-title-size-one\" style=\"--awb-margin-top-small:0px;--awb-margin-right-small:0px;--awb-margin-bottom-small:20px;--awb-margin-left-small:0px;\"><h1 class=\"fusion-title-heading title-heading-center fusion-responsive-typography-calculated\" style=\"margin:0;--fontSize:34;line-height:1.4;\">Medicina esportiva<\/h1><\/div><div class=\"fusion-clearfix\"><\/div><\/div><\/div><div class=\"fusion-layout-column fusion_builder_column fusion-builder-column-1 fusion_builder_column_1_2 1_2 fusion-one-half fusion-column-first\" style=\"--awb-bg-size:cover;--awb-margin-bottom:0px;width:48%; margin-right: 4%;\"><div class=\"fusion-column-wrapper fusion-flex-column-wrapper-legacy\"><div class=\"fusion-text fusion-text-1\"><p><strong>A medicina esportiva<\/strong> \u00e9 o ramo da medicina que lida com a intera\u00e7\u00e3o entre esporte e sa\u00fade, bem como com o tratamento e a preven\u00e7\u00e3o de doen\u00e7as associadas \u00e0 atividade esportiva.<\/p>\n<\/div><div class=\"fusion-clearfix\"><\/div><\/div><\/div><div class=\"fusion-layout-column fusion_builder_column fusion-builder-column-2 fusion_builder_column_1_2 1_2 fusion-one-half fusion-column-last\" style=\"--awb-bg-size:cover;--awb-margin-bottom:0px;width:48%;\"><div class=\"fusion-column-wrapper fusion-flex-column-wrapper-legacy\"><div class=\"fusion-text fusion-text-2\"><p>A medicina esportiva lida com uma ampla gama de t\u00f3picos:<\/p>\n<ul>\n<li>Fundamentos da fun\u00e7\u00e3o e do movimento do corpo (fisiologia, incluindo fisiologia nutricional)<\/li>\n<li>Treinamento e diagn\u00f3stico de desempenho<\/li>\n<li>Cuidados m\u00e9dicos para atletas (atletas recreativos ou de clubes)<\/li>\n<li>Traumatologia e preven\u00e7\u00e3o de les\u00f5es esportivas<\/li>\n<li>Reabilita\u00e7\u00e3o de les\u00f5es esportivas<\/li>\n<\/ul>\n<\/div><div class=\"fusion-clearfix\"><\/div><\/div><\/div><\/div><\/div>\n","protected":false},"excerpt":{"rendered":"","protected":false},"author":2,"featured_media":0,"parent":2443,"menu_order":0,"comment_status":"closed","ping_status":"closed","template":"","meta":{"rs_blank_template":"","rs_page_bg_color":"","slide_template_v7":"","footnotes":""},"class_list":["post-2455","page","type-page","status-publish","hentry"],"yoast_head":"<!-- This site is optimized with the Yoast SEO Premium plugin v27.3 (Yoast SEO v27.4) - https:\/\/yoast.com\/product\/yoast-seo-premium-wordpress\/ -->\n<title>Arzt-Team im Dokterhus - Klosters - Medicina esportiva - Mosteiro<\/title>\n<meta name=\"description\" content=\"Medicina esportiva. Somos especializados no tratamento e na preven\u00e7\u00e3o de doen\u00e7as associadas \u00e0 atividade esportiva\" \/>\n<meta name=\"robots\" content=\"index, follow, max-snippet:-1, max-image-preview:large, max-video-preview:-1\" \/>\n<link rel=\"canonical\" href=\"https:\/\/www.arzt-team-klosters.ch\/pt-br\/areas-de-especializacao\/medicina-esportiva\/\" \/>\n<meta property=\"og:locale\" content=\"pt_BR\" \/>\n<meta property=\"og:type\" content=\"article\" \/>\n<meta property=\"og:title\" content=\"Medicina esportiva\" \/>\n<meta property=\"og:description\" content=\"Medicina esportiva. Somos especializados no tratamento e na preven\u00e7\u00e3o de doen\u00e7as associadas \u00e0 atividade esportiva\" \/>\n<meta property=\"og:url\" content=\"https:\/\/www.arzt-team-klosters.ch\/pt-br\/areas-de-especializacao\/medicina-esportiva\/\" \/>\n<meta property=\"og:site_name\" content=\"Arzt-Team im Dokterhus - Klosters\" \/>\n<meta property=\"article:modified_time\" content=\"2025-06-29T17:04:01+00:00\" \/>\n<meta name=\"twitter:card\" content=\"summary_large_image\" \/>\n<meta name=\"twitter:label1\" content=\"Est. tempo de leitura\" \/>\n\t<meta name=\"twitter:data1\" content=\"4 minutos\" \/>\n<script type=\"application\/ld+json\" class=\"yoast-schema-graph\">{\"@context\":\"https:\\\/\\\/schema.org\",\"@graph\":[{\"@type\":\"WebPage\",\"@id\":\"https:\\\/\\\/www.arzt-team-klosters.ch\\\/pt-br\\\/areas-de-especializacao\\\/medicina-esportiva\\\/\",\"url\":\"https:\\\/\\\/www.arzt-team-klosters.ch\\\/pt-br\\\/areas-de-especializacao\\\/medicina-esportiva\\\/\",\"name\":\"Arzt-Team im Dokterhus - Klosters - Medicina esportiva - Mosteiro\",\"isPartOf\":{\"@id\":\"https:\\\/\\\/www.arzt-team-klosters.ch\\\/pt-br\\\/#website\"},\"datePublished\":\"2023-06-04T16:37:02+00:00\",\"dateModified\":\"2025-06-29T17:04:01+00:00\",\"description\":\"Medicina esportiva. Somos especializados no tratamento e na preven\u00e7\u00e3o de doen\u00e7as associadas \u00e0 atividade esportiva\",\"breadcrumb\":{\"@id\":\"https:\\\/\\\/www.arzt-team-klosters.ch\\\/pt-br\\\/areas-de-especializacao\\\/medicina-esportiva\\\/#breadcrumb\"},\"inLanguage\":\"pt-BR\",\"potentialAction\":[{\"@type\":\"ReadAction\",\"target\":[\"https:\\\/\\\/www.arzt-team-klosters.ch\\\/pt-br\\\/areas-de-especializacao\\\/medicina-esportiva\\\/\"]}]},{\"@type\":\"BreadcrumbList\",\"@id\":\"https:\\\/\\\/www.arzt-team-klosters.ch\\\/pt-br\\\/areas-de-especializacao\\\/medicina-esportiva\\\/#breadcrumb\",\"itemListElement\":[{\"@type\":\"ListItem\",\"position\":1,\"name\":\"Home\",\"item\":\"https:\\\/\\\/www.arzt-team-klosters.ch\\\/pt-br\\\/\"},{\"@type\":\"ListItem\",\"position\":2,\"name\":\"\u00c1reas de especializa\u00e7\u00e3o\",\"item\":\"https:\\\/\\\/www.arzt-team-klosters.ch\\\/pt-br\\\/areas-de-especializacao\\\/\"},{\"@type\":\"ListItem\",\"position\":3,\"name\":\"Medicina esportiva\"}]},{\"@type\":\"WebSite\",\"@id\":\"https:\\\/\\\/www.arzt-team-klosters.ch\\\/pt-br\\\/#website\",\"url\":\"https:\\\/\\\/www.arzt-team-klosters.ch\\\/pt-br\\\/\",\"name\":\"Arzt-Team im Dokterhus \\\/ Klosters\",\"description\":\"\",\"publisher\":{\"@id\":\"https:\\\/\\\/www.arzt-team-klosters.ch\\\/pt-br\\\/#organization\"},\"potentialAction\":[{\"@type\":\"SearchAction\",\"target\":{\"@type\":\"EntryPoint\",\"urlTemplate\":\"https:\\\/\\\/www.arzt-team-klosters.ch\\\/pt-br\\\/?s={search_term_string}\"},\"query-input\":{\"@type\":\"PropertyValueSpecification\",\"valueRequired\":true,\"valueName\":\"search_term_string\"}}],\"inLanguage\":\"pt-BR\"},{\"@type\":\"Organization\",\"@id\":\"https:\\\/\\\/www.arzt-team-klosters.ch\\\/pt-br\\\/#organization\",\"name\":\"Arzt-Team im Dokterhus \\\/ Klosters\",\"url\":\"https:\\\/\\\/www.arzt-team-klosters.ch\\\/pt-br\\\/\",\"logo\":{\"@type\":\"ImageObject\",\"inLanguage\":\"pt-BR\",\"@id\":\"https:\\\/\\\/www.arzt-team-klosters.ch\\\/pt-br\\\/#\\\/schema\\\/logo\\\/image\\\/\",\"url\":\"https:\\\/\\\/www.arzt-team-klosters.ch\\\/wp-content\\\/uploads\\\/LOGO-ArztTeam-im-dokterhus_800.webp\",\"contentUrl\":\"https:\\\/\\\/www.arzt-team-klosters.ch\\\/wp-content\\\/uploads\\\/LOGO-ArztTeam-im-dokterhus_800.webp\",\"width\":800,\"height\":179,\"caption\":\"Arzt-Team im Dokterhus \\\/ Klosters\"},\"image\":{\"@id\":\"https:\\\/\\\/www.arzt-team-klosters.ch\\\/pt-br\\\/#\\\/schema\\\/logo\\\/image\\\/\"}}]}<\/script>\n<!-- \/ Yoast SEO Premium plugin. -->","yoast_head_json":{"title":"Arzt-Team im Dokterhus - Klosters - Medicina esportiva - Mosteiro","description":"Medicina esportiva. Somos especializados no tratamento e na preven\u00e7\u00e3o de doen\u00e7as associadas \u00e0 atividade esportiva","robots":{"index":"index","follow":"follow","max-snippet":"max-snippet:-1","max-image-preview":"max-image-preview:large","max-video-preview":"max-video-preview:-1"},"canonical":"https:\/\/www.arzt-team-klosters.ch\/pt-br\/areas-de-especializacao\/medicina-esportiva\/","og_locale":"pt_BR","og_type":"article","og_title":"Medicina esportiva","og_description":"Medicina esportiva. Somos especializados no tratamento e na preven\u00e7\u00e3o de doen\u00e7as associadas \u00e0 atividade esportiva","og_url":"https:\/\/www.arzt-team-klosters.ch\/pt-br\/areas-de-especializacao\/medicina-esportiva\/","og_site_name":"Arzt-Team im Dokterhus - Klosters","article_modified_time":"2025-06-29T17:04:01+00:00","twitter_card":"summary_large_image","twitter_misc":{"Est. tempo de leitura":"4 minutos"},"schema":{"@context":"https:\/\/schema.org","@graph":[{"@type":"WebPage","@id":"https:\/\/www.arzt-team-klosters.ch\/pt-br\/areas-de-especializacao\/medicina-esportiva\/","url":"https:\/\/www.arzt-team-klosters.ch\/pt-br\/areas-de-especializacao\/medicina-esportiva\/","name":"Arzt-Team im Dokterhus - Klosters - Medicina esportiva - Mosteiro","isPartOf":{"@id":"https:\/\/www.arzt-team-klosters.ch\/pt-br\/#website"},"datePublished":"2023-06-04T16:37:02+00:00","dateModified":"2025-06-29T17:04:01+00:00","description":"Medicina esportiva. Somos especializados no tratamento e na preven\u00e7\u00e3o de doen\u00e7as associadas \u00e0 atividade esportiva","breadcrumb":{"@id":"https:\/\/www.arzt-team-klosters.ch\/pt-br\/areas-de-especializacao\/medicina-esportiva\/#breadcrumb"},"inLanguage":"pt-BR","potentialAction":[{"@type":"ReadAction","target":["https:\/\/www.arzt-team-klosters.ch\/pt-br\/areas-de-especializacao\/medicina-esportiva\/"]}]},{"@type":"BreadcrumbList","@id":"https:\/\/www.arzt-team-klosters.ch\/pt-br\/areas-de-especializacao\/medicina-esportiva\/#breadcrumb","itemListElement":[{"@type":"ListItem","position":1,"name":"Home","item":"https:\/\/www.arzt-team-klosters.ch\/pt-br\/"},{"@type":"ListItem","position":2,"name":"\u00c1reas de especializa\u00e7\u00e3o","item":"https:\/\/www.arzt-team-klosters.ch\/pt-br\/areas-de-especializacao\/"},{"@type":"ListItem","position":3,"name":"Medicina esportiva"}]},{"@type":"WebSite","@id":"https:\/\/www.arzt-team-klosters.ch\/pt-br\/#website","url":"https:\/\/www.arzt-team-klosters.ch\/pt-br\/","name":"Arzt-Team im Dokterhus \/ Klosters","description":"","publisher":{"@id":"https:\/\/www.arzt-team-klosters.ch\/pt-br\/#organization"},"potentialAction":[{"@type":"SearchAction","target":{"@type":"EntryPoint","urlTemplate":"https:\/\/www.arzt-team-klosters.ch\/pt-br\/?s={search_term_string}"},"query-input":{"@type":"PropertyValueSpecification","valueRequired":true,"valueName":"search_term_string"}}],"inLanguage":"pt-BR"},{"@type":"Organization","@id":"https:\/\/www.arzt-team-klosters.ch\/pt-br\/#organization","name":"Arzt-Team im Dokterhus \/ Klosters","url":"https:\/\/www.arzt-team-klosters.ch\/pt-br\/","logo":{"@type":"ImageObject","inLanguage":"pt-BR","@id":"https:\/\/www.arzt-team-klosters.ch\/pt-br\/#\/schema\/logo\/image\/","url":"https:\/\/www.arzt-team-klosters.ch\/wp-content\/uploads\/LOGO-ArztTeam-im-dokterhus_800.webp","contentUrl":"https:\/\/www.arzt-team-klosters.ch\/wp-content\/uploads\/LOGO-ArztTeam-im-dokterhus_800.webp","width":800,"height":179,"caption":"Arzt-Team im Dokterhus \/ Klosters"},"image":{"@id":"https:\/\/www.arzt-team-klosters.ch\/pt-br\/#\/schema\/logo\/image\/"}}]}},"_links":{"self":[{"href":"https:\/\/www.arzt-team-klosters.ch\/pt-br\/wp-json\/wp\/v2\/pages\/2455","targetHints":{"allow":["GET"]}}],"collection":[{"href":"https:\/\/www.arzt-team-klosters.ch\/pt-br\/wp-json\/wp\/v2\/pages"}],"about":[{"href":"https:\/\/www.arzt-team-klosters.ch\/pt-br\/wp-json\/wp\/v2\/types\/page"}],"author":[{"embeddable":true,"href":"https:\/\/www.arzt-team-klosters.ch\/pt-br\/wp-json\/wp\/v2\/users\/2"}],"replies":[{"embeddable":true,"href":"https:\/\/www.arzt-team-klosters.ch\/pt-br\/wp-json\/wp\/v2\/comments?post=2455"}],"version-history":[{"count":2,"href":"https:\/\/www.arzt-team-klosters.ch\/pt-br\/wp-json\/wp\/v2\/pages\/2455\/revisions"}],"predecessor-version":[{"id":2457,"href":"https:\/\/www.arzt-team-klosters.ch\/pt-br\/wp-json\/wp\/v2\/pages\/2455\/revisions\/2457"}],"up":[{"embeddable":true,"href":"https:\/\/www.arzt-team-klosters.ch\/pt-br\/wp-json\/wp\/v2\/pages\/2443"}],"wp:attachment":[{"href":"https:\/\/www.arzt-team-klosters.ch\/pt-br\/wp-json\/wp\/v2\/media?parent=2455"}],"curies":[{"name":"wp","href":"https:\/\/api.w.org\/{rel}","templated":true}]}}