{"id":2458,"date":"2019-01-31T14:10:40","date_gmt":"2019-01-31T14:10:40","guid":{"rendered":"https:\/\/www.arzt-team-klosters.ch\/areas-de-especializacao\/traumatologia\/"},"modified":"2025-06-29T17:04:17","modified_gmt":"2025-06-29T17:04:17","slug":"traumatologia","status":"publish","type":"page","link":"https:\/\/www.arzt-team-klosters.ch\/pt-br\/areas-de-especializacao\/traumatologia\/","title":{"rendered":"Traumatologia"},"content":{"rendered":"<div class=\"fusion-fullwidth fullwidth-box fusion-builder-row-1 nonhundred-percent-fullwidth non-hundred-percent-height-scrolling\" style=\"--awb-border-radius-top-left:0px;--awb-border-radius-top-right:0px;--awb-border-radius-bottom-right:0px;--awb-border-radius-bottom-left:0px;--awb-flex-wrap:wrap;\" ><div class=\"fusion-builder-row fusion-row\"><div class=\"fusion-layout-column fusion_builder_column fusion-builder-column-0 fusion_builder_column_1_1 1_1 fusion-one-full fusion-column-first fusion-column-last\" style=\"--awb-bg-size:cover;--awb-margin-bottom:0px;\"><div class=\"fusion-column-wrapper fusion-flex-column-wrapper-legacy\"><div class=\"fusion-title title fusion-title-1 fusion-sep-none fusion-title-center fusion-title-text fusion-title-size-one\" style=\"--awb-margin-top-small:0px;--awb-margin-right-small:0px;--awb-margin-bottom-small:20px;--awb-margin-left-small:0px;\"><h1 class=\"fusion-title-heading title-heading-center fusion-responsive-typography-calculated\" style=\"margin:0;--fontSize:34;line-height:1.4;\">Traumatologia<\/h1><\/div><div class=\"fusion-clearfix\"><\/div><\/div><\/div><div class=\"fusion-layout-column fusion_builder_column fusion-builder-column-1 fusion_builder_column_1_2 1_2 fusion-one-half fusion-column-first\" style=\"--awb-bg-size:cover;--awb-margin-bottom:0px;width:48%; margin-right: 4%;\"><div class=\"fusion-column-wrapper fusion-flex-column-wrapper-legacy\"><div class=\"fusion-text fusion-text-1\"><p><strong>A traumatologia lida com les\u00f5es agudas f\u00edsicas e qu\u00edmicas.<\/strong><\/p>\n<p>As causas incluem mordidas, facadas, cortes, ferimentos por arma de fogo, acidentes de tr\u00e2nsito, acidentes esportivos e acidentes de trabalho.<\/p>\n<\/div><div class=\"fusion-clearfix\"><\/div><\/div><\/div><div class=\"fusion-layout-column fusion_builder_column fusion-builder-column-2 fusion_builder_column_1_2 1_2 fusion-one-half fusion-column-last\" style=\"--awb-bg-size:cover;--awb-margin-bottom:0px;width:48%;\"><div class=\"fusion-column-wrapper fusion-flex-column-wrapper-legacy\"><div class=\"fusion-text fusion-text-2\"><p>As consequ\u00eancias incluem principalmente <strong>les\u00f5es<\/strong> mec\u00e2nicas <strong>no sistema musculoesquel\u00e9tico<\/strong>, que fica particularmente exposto em acidentes. Essas les\u00f5es incluem ossos quebrados, les\u00f5es musculares, bem como rupturas e distens\u00f5es em tend\u00f5es e ligamentos<\/p>\n<\/div><div class=\"fusion-clearfix\"><\/div><\/div><\/div><\/div><\/div>\n","protected":false},"excerpt":{"rendered":"","protected":false},"author":2,"featured_media":0,"parent":2443,"menu_order":0,"comment_status":"closed","ping_status":"closed","template":"","meta":{"rs_blank_template":"","rs_page_bg_color":"","slide_template_v7":"","footnotes":""},"class_list":["post-2458","page","type-page","status-publish","hentry"],"yoast_head":"<!-- This site is optimized with the Yoast SEO Premium plugin v27.4 (Yoast SEO v27.5) - https:\/\/yoast.com\/product\/yoast-seo-premium-wordpress\/ -->\n<title>Arzt-Team im Dokterhus - Klosters - Traumatologia - Mosteiro<\/title>\n<meta name=\"description\" content=\"Traumatologia. Somos especializados em les\u00f5es agudas, como: les\u00f5es qu\u00edmicas agudas, mordidas, facadas, cortes ou ferimentos por arma de fogo, acidentes de tr\u00e2nsito, esportes ou acidentes de trabalho.\" \/>\n<meta name=\"robots\" content=\"index, follow, max-snippet:-1, max-image-preview:large, max-video-preview:-1\" \/>\n<link rel=\"canonical\" href=\"https:\/\/www.arzt-team-klosters.ch\/pt-br\/areas-de-especializacao\/traumatologia\/\" \/>\n<meta property=\"og:locale\" content=\"pt_BR\" \/>\n<meta property=\"og:type\" content=\"article\" \/>\n<meta property=\"og:title\" content=\"Traumatologia\" \/>\n<meta property=\"og:description\" content=\"Traumatologia. Somos especializados em les\u00f5es agudas, como: les\u00f5es qu\u00edmicas agudas, mordidas, facadas, cortes ou ferimentos por arma de fogo, acidentes de tr\u00e2nsito, esportes ou acidentes de trabalho.\" \/>\n<meta property=\"og:url\" content=\"https:\/\/www.arzt-team-klosters.ch\/pt-br\/areas-de-especializacao\/traumatologia\/\" \/>\n<meta property=\"og:site_name\" content=\"Arzt-Team im Dokterhus - Klosters\" \/>\n<meta property=\"article:modified_time\" content=\"2025-06-29T17:04:17+00:00\" \/>\n<meta name=\"twitter:card\" content=\"summary_large_image\" \/>\n<meta name=\"twitter:label1\" content=\"Est. tempo de leitura\" \/>\n\t<meta name=\"twitter:data1\" content=\"4 minutos\" \/>\n<script type=\"application\/ld+json\" class=\"yoast-schema-graph\">{\"@context\":\"https:\\\/\\\/schema.org\",\"@graph\":[{\"@type\":\"WebPage\",\"@id\":\"https:\\\/\\\/www.arzt-team-klosters.ch\\\/pt-br\\\/areas-de-especializacao\\\/traumatologia\\\/\",\"url\":\"https:\\\/\\\/www.arzt-team-klosters.ch\\\/pt-br\\\/areas-de-especializacao\\\/traumatologia\\\/\",\"name\":\"Arzt-Team im Dokterhus - Klosters - Traumatologia - Mosteiro\",\"isPartOf\":{\"@id\":\"https:\\\/\\\/35.156.96.145\\\/#website\"},\"datePublished\":\"2019-01-31T14:10:40+00:00\",\"dateModified\":\"2025-06-29T17:04:17+00:00\",\"description\":\"Traumatologia. Somos especializados em les\u00f5es agudas, como: les\u00f5es qu\u00edmicas agudas, mordidas, facadas, cortes ou ferimentos por arma de fogo, acidentes de tr\u00e2nsito, esportes ou acidentes de trabalho.\",\"breadcrumb\":{\"@id\":\"https:\\\/\\\/www.arzt-team-klosters.ch\\\/pt-br\\\/areas-de-especializacao\\\/traumatologia\\\/#breadcrumb\"},\"inLanguage\":\"pt-BR\",\"potentialAction\":[{\"@type\":\"ReadAction\",\"target\":[\"https:\\\/\\\/www.arzt-team-klosters.ch\\\/pt-br\\\/areas-de-especializacao\\\/traumatologia\\\/\"]}]},{\"@type\":\"BreadcrumbList\",\"@id\":\"https:\\\/\\\/www.arzt-team-klosters.ch\\\/pt-br\\\/areas-de-especializacao\\\/traumatologia\\\/#breadcrumb\",\"itemListElement\":[{\"@type\":\"ListItem\",\"position\":1,\"name\":\"Home\",\"item\":\"https:\\\/\\\/www.arzt-team-klosters.ch\\\/pt-br\\\/\"},{\"@type\":\"ListItem\",\"position\":2,\"name\":\"\u00c1reas de especializa\u00e7\u00e3o\",\"item\":\"https:\\\/\\\/www.arzt-team-klosters.ch\\\/pt-br\\\/areas-de-especializacao\\\/\"},{\"@type\":\"ListItem\",\"position\":3,\"name\":\"Traumatologia\"}]},{\"@type\":\"WebSite\",\"@id\":\"https:\\\/\\\/35.156.96.145\\\/#website\",\"url\":\"https:\\\/\\\/35.156.96.145\\\/\",\"name\":\"Arzt-Team im Dokterhus \\\/ Klosters\",\"description\":\"\",\"publisher\":{\"@id\":\"https:\\\/\\\/35.156.96.145\\\/#organization\"},\"potentialAction\":[{\"@type\":\"SearchAction\",\"target\":{\"@type\":\"EntryPoint\",\"urlTemplate\":\"https:\\\/\\\/35.156.96.145\\\/?s={search_term_string}\"},\"query-input\":{\"@type\":\"PropertyValueSpecification\",\"valueRequired\":true,\"valueName\":\"search_term_string\"}}],\"inLanguage\":\"pt-BR\"},{\"@type\":\"Organization\",\"@id\":\"https:\\\/\\\/35.156.96.145\\\/#organization\",\"name\":\"Arzt-Team im Dokterhus \\\/ Klosters\",\"url\":\"https:\\\/\\\/35.156.96.145\\\/\",\"logo\":{\"@type\":\"ImageObject\",\"inLanguage\":\"pt-BR\",\"@id\":\"https:\\\/\\\/35.156.96.145\\\/#\\\/schema\\\/logo\\\/image\\\/\",\"url\":\"https:\\\/\\\/www.arzt-team-klosters.ch\\\/wp-content\\\/uploads\\\/LOGO-ArztTeam-im-dokterhus_800.webp\",\"contentUrl\":\"https:\\\/\\\/www.arzt-team-klosters.ch\\\/wp-content\\\/uploads\\\/LOGO-ArztTeam-im-dokterhus_800.webp\",\"width\":800,\"height\":179,\"caption\":\"Arzt-Team im Dokterhus \\\/ Klosters\"},\"image\":{\"@id\":\"https:\\\/\\\/35.156.96.145\\\/#\\\/schema\\\/logo\\\/image\\\/\"}}]}<\/script>\n<!-- \/ Yoast SEO Premium plugin. -->","yoast_head_json":{"title":"Arzt-Team im Dokterhus - Klosters - Traumatologia - Mosteiro","description":"Traumatologia. Somos especializados em les\u00f5es agudas, como: les\u00f5es qu\u00edmicas agudas, mordidas, facadas, cortes ou ferimentos por arma de fogo, acidentes de tr\u00e2nsito, esportes ou acidentes de trabalho.","robots":{"index":"index","follow":"follow","max-snippet":"max-snippet:-1","max-image-preview":"max-image-preview:large","max-video-preview":"max-video-preview:-1"},"canonical":"https:\/\/www.arzt-team-klosters.ch\/pt-br\/areas-de-especializacao\/traumatologia\/","og_locale":"pt_BR","og_type":"article","og_title":"Traumatologia","og_description":"Traumatologia. Somos especializados em les\u00f5es agudas, como: les\u00f5es qu\u00edmicas agudas, mordidas, facadas, cortes ou ferimentos por arma de fogo, acidentes de tr\u00e2nsito, esportes ou acidentes de trabalho.","og_url":"https:\/\/www.arzt-team-klosters.ch\/pt-br\/areas-de-especializacao\/traumatologia\/","og_site_name":"Arzt-Team im Dokterhus - Klosters","article_modified_time":"2025-06-29T17:04:17+00:00","twitter_card":"summary_large_image","twitter_misc":{"Est. tempo de leitura":"4 minutos"},"schema":{"@context":"https:\/\/schema.org","@graph":[{"@type":"WebPage","@id":"https:\/\/www.arzt-team-klosters.ch\/pt-br\/areas-de-especializacao\/traumatologia\/","url":"https:\/\/www.arzt-team-klosters.ch\/pt-br\/areas-de-especializacao\/traumatologia\/","name":"Arzt-Team im Dokterhus - Klosters - Traumatologia - Mosteiro","isPartOf":{"@id":"https:\/\/35.156.96.145\/#website"},"datePublished":"2019-01-31T14:10:40+00:00","dateModified":"2025-06-29T17:04:17+00:00","description":"Traumatologia. Somos especializados em les\u00f5es agudas, como: les\u00f5es qu\u00edmicas agudas, mordidas, facadas, cortes ou ferimentos por arma de fogo, acidentes de tr\u00e2nsito, esportes ou acidentes de trabalho.","breadcrumb":{"@id":"https:\/\/www.arzt-team-klosters.ch\/pt-br\/areas-de-especializacao\/traumatologia\/#breadcrumb"},"inLanguage":"pt-BR","potentialAction":[{"@type":"ReadAction","target":["https:\/\/www.arzt-team-klosters.ch\/pt-br\/areas-de-especializacao\/traumatologia\/"]}]},{"@type":"BreadcrumbList","@id":"https:\/\/www.arzt-team-klosters.ch\/pt-br\/areas-de-especializacao\/traumatologia\/#breadcrumb","itemListElement":[{"@type":"ListItem","position":1,"name":"Home","item":"https:\/\/www.arzt-team-klosters.ch\/pt-br\/"},{"@type":"ListItem","position":2,"name":"\u00c1reas de especializa\u00e7\u00e3o","item":"https:\/\/www.arzt-team-klosters.ch\/pt-br\/areas-de-especializacao\/"},{"@type":"ListItem","position":3,"name":"Traumatologia"}]},{"@type":"WebSite","@id":"https:\/\/35.156.96.145\/#website","url":"https:\/\/35.156.96.145\/","name":"Arzt-Team im Dokterhus \/ Klosters","description":"","publisher":{"@id":"https:\/\/35.156.96.145\/#organization"},"potentialAction":[{"@type":"SearchAction","target":{"@type":"EntryPoint","urlTemplate":"https:\/\/35.156.96.145\/?s={search_term_string}"},"query-input":{"@type":"PropertyValueSpecification","valueRequired":true,"valueName":"search_term_string"}}],"inLanguage":"pt-BR"},{"@type":"Organization","@id":"https:\/\/35.156.96.145\/#organization","name":"Arzt-Team im Dokterhus \/ Klosters","url":"https:\/\/35.156.96.145\/","logo":{"@type":"ImageObject","inLanguage":"pt-BR","@id":"https:\/\/35.156.96.145\/#\/schema\/logo\/image\/","url":"https:\/\/www.arzt-team-klosters.ch\/wp-content\/uploads\/LOGO-ArztTeam-im-dokterhus_800.webp","contentUrl":"https:\/\/www.arzt-team-klosters.ch\/wp-content\/uploads\/LOGO-ArztTeam-im-dokterhus_800.webp","width":800,"height":179,"caption":"Arzt-Team im Dokterhus \/ Klosters"},"image":{"@id":"https:\/\/35.156.96.145\/#\/schema\/logo\/image\/"}}]}},"_links":{"self":[{"href":"https:\/\/www.arzt-team-klosters.ch\/pt-br\/wp-json\/wp\/v2\/pages\/2458","targetHints":{"allow":["GET"]}}],"collection":[{"href":"https:\/\/www.arzt-team-klosters.ch\/pt-br\/wp-json\/wp\/v2\/pages"}],"about":[{"href":"https:\/\/www.arzt-team-klosters.ch\/pt-br\/wp-json\/wp\/v2\/types\/page"}],"author":[{"embeddable":true,"href":"https:\/\/www.arzt-team-klosters.ch\/pt-br\/wp-json\/wp\/v2\/users\/2"}],"replies":[{"embeddable":true,"href":"https:\/\/www.arzt-team-klosters.ch\/pt-br\/wp-json\/wp\/v2\/comments?post=2458"}],"version-history":[{"count":0,"href":"https:\/\/www.arzt-team-klosters.ch\/pt-br\/wp-json\/wp\/v2\/pages\/2458\/revisions"}],"up":[{"embeddable":true,"href":"https:\/\/www.arzt-team-klosters.ch\/pt-br\/wp-json\/wp\/v2\/pages\/2443"}],"wp:attachment":[{"href":"https:\/\/www.arzt-team-klosters.ch\/pt-br\/wp-json\/wp\/v2\/media?parent=2458"}],"curies":[{"name":"wp","href":"https:\/\/api.w.org\/{rel}","templated":true}]}}