{"id":2469,"date":"2019-01-31T14:13:24","date_gmt":"2019-01-31T14:13:24","guid":{"rendered":"https:\/\/www.arzt-team-klosters.ch\/emergencia\/"},"modified":"2025-06-29T17:06:30","modified_gmt":"2025-06-29T17:06:30","slug":"emergencia","status":"publish","type":"page","link":"https:\/\/www.arzt-team-klosters.ch\/pt-br\/emergencia\/","title":{"rendered":"Emerg\u00eancia"},"content":{"rendered":"<div class=\"fusion-fullwidth fullwidth-box fusion-builder-row-1 nonhundred-percent-fullwidth non-hundred-percent-height-scrolling\" style=\"--awb-border-radius-top-left:0px;--awb-border-radius-top-right:0px;--awb-border-radius-bottom-right:0px;--awb-border-radius-bottom-left:0px;--awb-flex-wrap:wrap;\" ><div class=\"fusion-builder-row fusion-row\"><div class=\"fusion-layout-column fusion_builder_column fusion-builder-column-0 fusion_builder_column_1_1 1_1 fusion-one-full fusion-column-first fusion-column-last\" style=\"--awb-bg-size:cover;--awb-margin-bottom:0px;\"><div class=\"fusion-column-wrapper fusion-flex-column-wrapper-legacy\"><div class=\"fusion-title title fusion-title-1 fusion-sep-none fusion-title-center fusion-title-text fusion-title-size-one\" style=\"--awb-margin-top-small:0px;--awb-margin-right-small:0px;--awb-margin-bottom-small:20px;--awb-margin-left-small:0px;\"><h1 class=\"fusion-title-heading title-heading-center fusion-responsive-typography-calculated\" style=\"margin:0;--fontSize:34;line-height:1.4;\">Emerg\u00eancia<\/h1><\/div><div class=\"fusion-builder-row fusion-builder-row-inner fusion-row\"><div class=\"fusion-layout-column fusion_builder_column_inner fusion-builder-nested-column-0 fusion_builder_column_inner_1_3 1_3 fusion-one-third fusion-column-first\" style=\"--awb-bg-size:cover;width:33.333333333333%;width:calc(33.333333333333% - ( ( 4% + 4% ) * 0.33333333333333 ) );margin-right: 4%;\"><div class=\"fusion-column-wrapper fusion-column-has-shadow fusion-flex-column-wrapper-legacy\"><div class=\"fusion-clearfix\"><\/div><\/div><\/div><div class=\"fusion-layout-column fusion_builder_column_inner fusion-builder-nested-column-1 fusion_builder_column_inner_1_3 1_3 fusion-one-third\" style=\"--awb-bg-size:cover;width:33.333333333333%;width:calc(33.333333333333% - ( ( 4% + 4% ) * 0.33333333333333 ) );margin-right: 4%;\"><div class=\"fusion-column-wrapper fusion-column-has-shadow fusion-flex-column-wrapper-legacy\"><div class=\"fusion-alert alert custom alert-custom fusion-alert-center awb-alert-native-link-color alert-shadow\" style=\"--awb-background-color:rgba(252,10,74,0.08);--awb-accent-color:#e60d2e;--awb-border-size:1px;--awb-border-top-left-radius:0px;--awb-border-top-right-radius:0px;--awb-border-bottom-left-radius:0px;--awb-border-bottom-right-radius:0px;\" role=\"alert\"><div class=\"fusion-alert-content-wrapper\"><span class=\"fusion-alert-content\"><h2><strong><span style=\"color: #d0043c;\">+41 848 081 081<\/span><\/strong><\/h2><\/span><\/div><\/div><div class=\"fusion-clearfix\"><\/div><\/div><\/div><div class=\"fusion-layout-column fusion_builder_column_inner fusion-builder-nested-column-2 fusion_builder_column_inner_1_3 1_3 fusion-one-third fusion-column-last\" style=\"--awb-bg-size:cover;width:33.333333333333%;width:calc(33.333333333333% - ( ( 4% + 4% ) * 0.33333333333333 ) );\"><div class=\"fusion-column-wrapper fusion-column-has-shadow fusion-flex-column-wrapper-legacy\"><div class=\"fusion-clearfix\"><\/div><\/div><\/div><\/div><div class=\"fusion-text fusion-text-1 bigger\"><p>As emerg\u00eancias geralmente ocorrem de forma inesperada. N\u00f3s n\u00e3o deixaremos voc\u00ea sozinho. <\/p>\n<p>Somos o primeiro ponto de atendimento para acidentes e emerg\u00eancias menores e maiores.<\/p>\n<p>Tratamos ferimentos e realizamos diagn\u00f3sticos (raios X, laborat\u00f3rio, ultrassom) para determinar se \u00e9 necess\u00e1ria uma transfer\u00eancia para o hospital ou se voc\u00ea pode ser tratado em nossa cl\u00ednica.<br \/>\nTamb\u00e9m somos o primeiro ponto de atendimento para doen\u00e7as card\u00edacas agudas e outras emerg\u00eancias de medicina interna.<\/p>\n<\/div><div class=\"fusion-sep-clear\"><\/div><div class=\"fusion-separator fusion-full-width-sep\" style=\"margin-left: auto;margin-right: auto;margin-bottom:30px;width:100%;\"><\/div><div class=\"fusion-sep-clear\"><\/div><div class=\"fusion-clearfix\"><\/div><\/div><\/div><div class=\"fusion-layout-column fusion_builder_column fusion-builder-column-1 fusion_builder_column_1_3 1_3 fusion-one-third fusion-column-first\" style=\"--awb-padding-top:20px;--awb-padding-right:20px;--awb-padding-bottom:20px;--awb-padding-left:20px;--awb-bg-color:#ffffff;--awb-bg-color-hover:#ffffff;--awb-bg-size:cover;width:33.333333333333%;width:calc(33.333333333333% - ( ( 4% + 4% ) * 0.33333333333333 ) );margin-right: 4%;\"><div class=\"fusion-column-wrapper fusion-flex-column-wrapper-legacy\"><div class=\"fusion-title title fusion-title-2 fusion-sep-none fusion-title-center fusion-title-text fusion-title-size-three\" style=\"--awb-margin-top-small:0px;--awb-margin-right-small:0px;--awb-margin-bottom-small:20px;--awb-margin-left-small:0px;\"><h3 class=\"fusion-title-heading title-heading-center fusion-responsive-typography-calculated\" style=\"margin:0;--fontSize:18;--minFontSize:18;line-height:1.5;\">Estamos \u00e0 disposi\u00e7\u00e3o de voc\u00ea em casos de emerg\u00eancia<\/h3><\/div><div class=\"fusion-title title fusion-title-3 fusion-sep-none fusion-title-center fusion-title-text fusion-title-size-two\" style=\"--awb-margin-top-small:0px;--awb-margin-right-small:0px;--awb-margin-bottom-small:20px;--awb-margin-left-small:0px;\"><h2 class=\"fusion-title-heading title-heading-center fusion-responsive-typography-calculated\" style=\"margin:0;--fontSize:24;line-height:1.5;\">+41 81 511 55 44<\/h2><\/div><div class=\"fusion-clearfix\"><\/div><\/div><\/div><div class=\"fusion-layout-column fusion_builder_column fusion-builder-column-2 fusion_builder_column_1_3 1_3 fusion-one-third\" style=\"--awb-padding-top:20px;--awb-padding-right:20px;--awb-padding-bottom:20px;--awb-padding-left:20px;--awb-bg-color:#ffffff;--awb-bg-color-hover:#ffffff;--awb-bg-size:cover;width:33.333333333333%;width:calc(33.333333333333% - ( ( 4% + 4% ) * 0.33333333333333 ) );margin-right: 4%;\"><div class=\"fusion-column-wrapper fusion-flex-column-wrapper-legacy\"><div class=\"fusion-title title fusion-title-4 fusion-sep-none fusion-title-center fusion-title-text fusion-title-size-three\" style=\"--awb-margin-top-small:0px;--awb-margin-right-small:0px;--awb-margin-bottom-small:20px;--awb-margin-left-small:0px;\"><h3 class=\"fusion-title-heading title-heading-center fusion-responsive-typography-calculated\" style=\"margin:0;--fontSize:18;--minFontSize:18;line-height:1.5;\">Ala de emerg\u00eancia do Hospital Schiers<\/h3><\/div><div class=\"fusion-title title fusion-title-5 fusion-sep-none fusion-title-center fusion-title-text fusion-title-size-two\" style=\"--awb-margin-top-small:0px;--awb-margin-right-small:0px;--awb-margin-bottom-small:20px;--awb-margin-left-small:0px;\"><h2 class=\"fusion-title-heading title-heading-center fusion-responsive-typography-calculated\" style=\"margin:0;--fontSize:24;line-height:1.5;\">+41 81 308 08 08<\/h2><\/div><div class=\"fusion-clearfix\"><\/div><\/div><\/div><div class=\"fusion-layout-column fusion_builder_column fusion-builder-column-3 fusion_builder_column_1_3 1_3 fusion-one-third fusion-column-last\" style=\"--awb-padding-top:20px;--awb-padding-right:20px;--awb-padding-bottom:20px;--awb-padding-left:20px;--awb-bg-color:#ffffff;--awb-bg-color-hover:#ffffff;--awb-bg-size:cover;width:33.333333333333%;width:calc(33.333333333333% - ( ( 4% + 4% ) * 0.33333333333333 ) );\"><div class=\"fusion-column-wrapper fusion-flex-column-wrapper-legacy\"><div class=\"fusion-title title fusion-title-6 fusion-sep-none fusion-title-center fusion-title-text fusion-title-size-three\" style=\"--awb-margin-top-small:0px;--awb-margin-right-small:0px;--awb-margin-bottom-small:20px;--awb-margin-left-small:0px;\"><h3 class=\"fusion-title-heading title-heading-center fusion-responsive-typography-calculated\" style=\"margin:0;--fontSize:18;--minFontSize:18;line-height:1.5;\">Swiss Air-Rescue (Rega)<\/h3><\/div><div class=\"fusion-title title fusion-title-7 fusion-sep-none fusion-title-center fusion-title-text fusion-title-size-two\" style=\"--awb-margin-top-small:0px;--awb-margin-right-small:0px;--awb-margin-bottom-small:20px;--awb-margin-left-small:0px;\"><h2 class=\"fusion-title-heading title-heading-center fusion-responsive-typography-calculated\" style=\"margin:0;--fontSize:24;line-height:1.5;\">1414<\/h2><\/div><div class=\"fusion-clearfix\"><\/div><\/div><\/div><\/div><\/div>\n","protected":false},"excerpt":{"rendered":"","protected":false},"author":2,"featured_media":0,"parent":0,"menu_order":0,"comment_status":"closed","ping_status":"closed","template":"","meta":{"rs_blank_template":"","rs_page_bg_color":"","slide_template_v7":"","footnotes":""},"class_list":["post-2469","page","type-page","status-publish","hentry"],"yoast_head":"<!-- This site is optimized with the Yoast SEO Premium plugin v27.3 (Yoast SEO v27.4) - https:\/\/yoast.com\/product\/yoast-seo-premium-wordpress\/ -->\n<title>Arzt-Team im Dokterhus - Klosters - Emerg\u00eancia<\/title>\n<meta name=\"description\" content=\"As emerg\u00eancias geralmente ocorrem de forma inesperada. N\u00f3s n\u00e3o deixaremos voc\u00ea sozinho. Equipe m\u00e9dica do Dokterhus \/ Klosters - Telefone: 081 511 55 44\" \/>\n<meta name=\"robots\" content=\"index, follow, max-snippet:-1, max-image-preview:large, max-video-preview:-1\" \/>\n<link rel=\"canonical\" href=\"https:\/\/www.arzt-team-klosters.ch\/pt-br\/emergencia\/\" \/>\n<meta property=\"og:locale\" content=\"pt_BR\" \/>\n<meta property=\"og:type\" content=\"article\" \/>\n<meta property=\"og:title\" content=\"Emerg\u00eancia\" \/>\n<meta property=\"og:description\" content=\"As emerg\u00eancias geralmente ocorrem de forma inesperada. N\u00f3s n\u00e3o deixaremos voc\u00ea sozinho. Equipe m\u00e9dica do Dokterhus \/ Klosters - Telefone: 081 511 55 44\" \/>\n<meta property=\"og:url\" content=\"https:\/\/www.arzt-team-klosters.ch\/pt-br\/emergencia\/\" \/>\n<meta property=\"og:site_name\" content=\"Arzt-Team im Dokterhus - Klosters\" \/>\n<meta property=\"article:modified_time\" content=\"2025-06-29T17:06:30+00:00\" \/>\n<meta name=\"twitter:card\" content=\"summary_large_image\" \/>\n<meta name=\"twitter:label1\" content=\"Est. tempo de leitura\" \/>\n\t<meta name=\"twitter:data1\" content=\"13 minutos\" \/>\n<script type=\"application\/ld+json\" class=\"yoast-schema-graph\">{\"@context\":\"https:\\\/\\\/schema.org\",\"@graph\":[{\"@type\":\"WebPage\",\"@id\":\"https:\\\/\\\/www.arzt-team-klosters.ch\\\/pt-br\\\/emergencia\\\/\",\"url\":\"https:\\\/\\\/www.arzt-team-klosters.ch\\\/pt-br\\\/emergencia\\\/\",\"name\":\"Arzt-Team im Dokterhus - Klosters - Emerg\u00eancia\",\"isPartOf\":{\"@id\":\"https:\\\/\\\/www.arzt-team-klosters.ch\\\/pt-br\\\/#website\"},\"datePublished\":\"2019-01-31T14:13:24+00:00\",\"dateModified\":\"2025-06-29T17:06:30+00:00\",\"description\":\"As emerg\u00eancias geralmente ocorrem de forma inesperada. N\u00f3s n\u00e3o deixaremos voc\u00ea sozinho. Equipe m\u00e9dica do Dokterhus \\\/ Klosters - Telefone: 081 511 55 44\",\"breadcrumb\":{\"@id\":\"https:\\\/\\\/www.arzt-team-klosters.ch\\\/pt-br\\\/emergencia\\\/#breadcrumb\"},\"inLanguage\":\"pt-BR\",\"potentialAction\":[{\"@type\":\"ReadAction\",\"target\":[\"https:\\\/\\\/www.arzt-team-klosters.ch\\\/pt-br\\\/emergencia\\\/\"]}]},{\"@type\":\"BreadcrumbList\",\"@id\":\"https:\\\/\\\/www.arzt-team-klosters.ch\\\/pt-br\\\/emergencia\\\/#breadcrumb\",\"itemListElement\":[{\"@type\":\"ListItem\",\"position\":1,\"name\":\"Home\",\"item\":\"https:\\\/\\\/www.arzt-team-klosters.ch\\\/pt-br\\\/\"},{\"@type\":\"ListItem\",\"position\":2,\"name\":\"Emerg\u00eancia\"}]},{\"@type\":\"WebSite\",\"@id\":\"https:\\\/\\\/www.arzt-team-klosters.ch\\\/pt-br\\\/#website\",\"url\":\"https:\\\/\\\/www.arzt-team-klosters.ch\\\/pt-br\\\/\",\"name\":\"Arzt-Team im Dokterhus \\\/ Klosters\",\"description\":\"\",\"publisher\":{\"@id\":\"https:\\\/\\\/www.arzt-team-klosters.ch\\\/pt-br\\\/#organization\"},\"potentialAction\":[{\"@type\":\"SearchAction\",\"target\":{\"@type\":\"EntryPoint\",\"urlTemplate\":\"https:\\\/\\\/www.arzt-team-klosters.ch\\\/pt-br\\\/?s={search_term_string}\"},\"query-input\":{\"@type\":\"PropertyValueSpecification\",\"valueRequired\":true,\"valueName\":\"search_term_string\"}}],\"inLanguage\":\"pt-BR\"},{\"@type\":\"Organization\",\"@id\":\"https:\\\/\\\/www.arzt-team-klosters.ch\\\/pt-br\\\/#organization\",\"name\":\"Arzt-Team im Dokterhus \\\/ Klosters\",\"url\":\"https:\\\/\\\/www.arzt-team-klosters.ch\\\/pt-br\\\/\",\"logo\":{\"@type\":\"ImageObject\",\"inLanguage\":\"pt-BR\",\"@id\":\"https:\\\/\\\/www.arzt-team-klosters.ch\\\/pt-br\\\/#\\\/schema\\\/logo\\\/image\\\/\",\"url\":\"https:\\\/\\\/www.arzt-team-klosters.ch\\\/wp-content\\\/uploads\\\/LOGO-ArztTeam-im-dokterhus_800.webp\",\"contentUrl\":\"https:\\\/\\\/www.arzt-team-klosters.ch\\\/wp-content\\\/uploads\\\/LOGO-ArztTeam-im-dokterhus_800.webp\",\"width\":800,\"height\":179,\"caption\":\"Arzt-Team im Dokterhus \\\/ Klosters\"},\"image\":{\"@id\":\"https:\\\/\\\/www.arzt-team-klosters.ch\\\/pt-br\\\/#\\\/schema\\\/logo\\\/image\\\/\"}}]}<\/script>\n<!-- \/ Yoast SEO Premium plugin. -->","yoast_head_json":{"title":"Arzt-Team im Dokterhus - Klosters - Emerg\u00eancia","description":"As emerg\u00eancias geralmente ocorrem de forma inesperada. N\u00f3s n\u00e3o deixaremos voc\u00ea sozinho. Equipe m\u00e9dica do Dokterhus \/ Klosters - Telefone: 081 511 55 44","robots":{"index":"index","follow":"follow","max-snippet":"max-snippet:-1","max-image-preview":"max-image-preview:large","max-video-preview":"max-video-preview:-1"},"canonical":"https:\/\/www.arzt-team-klosters.ch\/pt-br\/emergencia\/","og_locale":"pt_BR","og_type":"article","og_title":"Emerg\u00eancia","og_description":"As emerg\u00eancias geralmente ocorrem de forma inesperada. N\u00f3s n\u00e3o deixaremos voc\u00ea sozinho. Equipe m\u00e9dica do Dokterhus \/ Klosters - Telefone: 081 511 55 44","og_url":"https:\/\/www.arzt-team-klosters.ch\/pt-br\/emergencia\/","og_site_name":"Arzt-Team im Dokterhus - Klosters","article_modified_time":"2025-06-29T17:06:30+00:00","twitter_card":"summary_large_image","twitter_misc":{"Est. tempo de leitura":"13 minutos"},"schema":{"@context":"https:\/\/schema.org","@graph":[{"@type":"WebPage","@id":"https:\/\/www.arzt-team-klosters.ch\/pt-br\/emergencia\/","url":"https:\/\/www.arzt-team-klosters.ch\/pt-br\/emergencia\/","name":"Arzt-Team im Dokterhus - Klosters - Emerg\u00eancia","isPartOf":{"@id":"https:\/\/www.arzt-team-klosters.ch\/pt-br\/#website"},"datePublished":"2019-01-31T14:13:24+00:00","dateModified":"2025-06-29T17:06:30+00:00","description":"As emerg\u00eancias geralmente ocorrem de forma inesperada. N\u00f3s n\u00e3o deixaremos voc\u00ea sozinho. Equipe m\u00e9dica do Dokterhus \/ Klosters - Telefone: 081 511 55 44","breadcrumb":{"@id":"https:\/\/www.arzt-team-klosters.ch\/pt-br\/emergencia\/#breadcrumb"},"inLanguage":"pt-BR","potentialAction":[{"@type":"ReadAction","target":["https:\/\/www.arzt-team-klosters.ch\/pt-br\/emergencia\/"]}]},{"@type":"BreadcrumbList","@id":"https:\/\/www.arzt-team-klosters.ch\/pt-br\/emergencia\/#breadcrumb","itemListElement":[{"@type":"ListItem","position":1,"name":"Home","item":"https:\/\/www.arzt-team-klosters.ch\/pt-br\/"},{"@type":"ListItem","position":2,"name":"Emerg\u00eancia"}]},{"@type":"WebSite","@id":"https:\/\/www.arzt-team-klosters.ch\/pt-br\/#website","url":"https:\/\/www.arzt-team-klosters.ch\/pt-br\/","name":"Arzt-Team im Dokterhus \/ Klosters","description":"","publisher":{"@id":"https:\/\/www.arzt-team-klosters.ch\/pt-br\/#organization"},"potentialAction":[{"@type":"SearchAction","target":{"@type":"EntryPoint","urlTemplate":"https:\/\/www.arzt-team-klosters.ch\/pt-br\/?s={search_term_string}"},"query-input":{"@type":"PropertyValueSpecification","valueRequired":true,"valueName":"search_term_string"}}],"inLanguage":"pt-BR"},{"@type":"Organization","@id":"https:\/\/www.arzt-team-klosters.ch\/pt-br\/#organization","name":"Arzt-Team im Dokterhus \/ Klosters","url":"https:\/\/www.arzt-team-klosters.ch\/pt-br\/","logo":{"@type":"ImageObject","inLanguage":"pt-BR","@id":"https:\/\/www.arzt-team-klosters.ch\/pt-br\/#\/schema\/logo\/image\/","url":"https:\/\/www.arzt-team-klosters.ch\/wp-content\/uploads\/LOGO-ArztTeam-im-dokterhus_800.webp","contentUrl":"https:\/\/www.arzt-team-klosters.ch\/wp-content\/uploads\/LOGO-ArztTeam-im-dokterhus_800.webp","width":800,"height":179,"caption":"Arzt-Team im Dokterhus \/ Klosters"},"image":{"@id":"https:\/\/www.arzt-team-klosters.ch\/pt-br\/#\/schema\/logo\/image\/"}}]}},"_links":{"self":[{"href":"https:\/\/www.arzt-team-klosters.ch\/pt-br\/wp-json\/wp\/v2\/pages\/2469","targetHints":{"allow":["GET"]}}],"collection":[{"href":"https:\/\/www.arzt-team-klosters.ch\/pt-br\/wp-json\/wp\/v2\/pages"}],"about":[{"href":"https:\/\/www.arzt-team-klosters.ch\/pt-br\/wp-json\/wp\/v2\/types\/page"}],"author":[{"embeddable":true,"href":"https:\/\/www.arzt-team-klosters.ch\/pt-br\/wp-json\/wp\/v2\/users\/2"}],"replies":[{"embeddable":true,"href":"https:\/\/www.arzt-team-klosters.ch\/pt-br\/wp-json\/wp\/v2\/comments?post=2469"}],"version-history":[{"count":2,"href":"https:\/\/www.arzt-team-klosters.ch\/pt-br\/wp-json\/wp\/v2\/pages\/2469\/revisions"}],"predecessor-version":[{"id":2471,"href":"https:\/\/www.arzt-team-klosters.ch\/pt-br\/wp-json\/wp\/v2\/pages\/2469\/revisions\/2471"}],"wp:attachment":[{"href":"https:\/\/www.arzt-team-klosters.ch\/pt-br\/wp-json\/wp\/v2\/media?parent=2469"}],"curies":[{"name":"wp","href":"https:\/\/api.w.org\/{rel}","templated":true}]}}